{"id":1461,"date":"2025-12-02T07:26:44","date_gmt":"2025-12-02T07:26:44","guid":{"rendered":"https:\/\/torsehoteles.com\/santamarta\/?page_id=1461"},"modified":"2026-04-28T11:03:17","modified_gmt":"2026-04-28T11:03:17","slug":"destino-cullera","status":"publish","type":"page","link":"https:\/\/torsehoteles.com\/santamarta\/destino-cullera\/","title":{"rendered":"Cullera"},"content":{"rendered":"\t\t<div data-elementor-type=\"wp-page\" data-elementor-id=\"1461\" class=\"elementor elementor-1461\" data-elementor-post-type=\"page\">\n\t\t\t\t<div class=\"elementor-element elementor-element-008ff10 e-flex e-con-boxed e-con e-parent\" data-id=\"008ff10\" data-element_type=\"container\" data-e-type=\"container\" data-settings=\"{&quot;background_background&quot;:&quot;classic&quot;,&quot;background_motion_fx_motion_fx_scrolling&quot;:&quot;yes&quot;,&quot;background_motion_fx_translateX_effect&quot;:&quot;yes&quot;,&quot;background_motion_fx_translateX_speed&quot;:{&quot;unit&quot;:&quot;px&quot;,&quot;size&quot;:2.600000000000000088817841970012523233890533447265625,&quot;sizes&quot;:[]},&quot;background_motion_fx_translateX_affectedRange&quot;:{&quot;unit&quot;:&quot;%&quot;,&quot;size&quot;:&quot;&quot;,&quot;sizes&quot;:{&quot;start&quot;:0,&quot;end&quot;:100}},&quot;background_motion_fx_devices&quot;:[&quot;desktop&quot;,&quot;laptop&quot;,&quot;tablet&quot;,&quot;mobile&quot;]}\">\n\t\t\t\t\t<div class=\"e-con-inner\">\n\t\t<div class=\"elementor-element elementor-element-ba83f6f e-con-full e-flex e-con e-child\" data-id=\"ba83f6f\" data-element_type=\"container\" data-e-type=\"container\">\n\t\t\t\t<div class=\"elementor-element elementor-element-968d843 elementor-widget elementor-widget-heading\" data-id=\"968d843\" data-element_type=\"widget\" data-e-type=\"widget\" data-widget_type=\"heading.default\">\n\t\t\t\t\t<h1 class=\"elementor-heading-title elementor-size-default\">Cullera<\/h1>\t\t\t\t<\/div>\n\t\t<div class=\"elementor-element elementor-element-66dcbd6 e-con-full e-flex e-con e-child\" data-id=\"66dcbd6\" data-element_type=\"container\" data-e-type=\"container\">\n\t\t\t\t<div class=\"elementor-element elementor-element-ac83554 elementor-widget elementor-widget-heading\" data-id=\"ac83554\" data-element_type=\"widget\" data-e-type=\"widget\" data-widget_type=\"heading.default\">\n\t\t\t\t\t<h2 class=\"elementor-heading-title elementor-size-default\">NO TE DEJAR\u00c1 INDIFERENTE<\/h2>\t\t\t\t<\/div>\n\t\t\t\t<div class=\"elementor-element elementor-element-8d6d65d elementor-widget__width-initial elementor-hidden-mobile elementor-widget elementor-widget-image\" data-id=\"8d6d65d\" data-element_type=\"widget\" data-e-type=\"widget\" data-widget_type=\"image.default\">\n\t\t\t\t\t\t\t\t\t\t\t\t\t\t\t\t<a href=\"#info\">\n\t\t\t\t\t\t\t<img decoding=\"async\" width=\"1\" height=\"1\" src=\"https:\/\/torsehoteles.com\/santamarta\/wp-content\/uploads\/2025\/12\/down.svg\" class=\"attachment-large size-large wp-image-1421\" alt=\"\" \/>\t\t\t\t\t\t\t\t<\/a>\n\t\t\t\t\t\t\t\t\t\t\t\t\t\t\t<\/div>\n\t\t\t\t<\/div>\n\t\t\t\t<div class=\"elementor-element elementor-element-91a25a8 elementor-widget-divider--view-line elementor-widget elementor-widget-divider\" data-id=\"91a25a8\" data-element_type=\"widget\" data-e-type=\"widget\" data-widget_type=\"divider.default\">\n\t\t\t\t\t\t\t<div class=\"elementor-divider\">\n\t\t\t<span class=\"elementor-divider-separator\">\n\t\t\t\t\t\t<\/span>\n\t\t<\/div>\n\t\t\t\t\t\t<\/div>\n\t\t\t\t<\/div>\n\t\t\t\t\t<\/div>\n\t\t\t\t<\/div>\n\t\t<div class=\"elementor-element elementor-element-72773e3 e-con-full e-flex e-con e-parent\" data-id=\"72773e3\" data-element_type=\"container\" data-e-type=\"container\" id=\"info\" data-settings=\"{&quot;background_background&quot;:&quot;classic&quot;,&quot;background_motion_fx_motion_fx_scrolling&quot;:&quot;yes&quot;,&quot;background_motion_fx_devices&quot;:[&quot;desktop&quot;,&quot;laptop&quot;,&quot;tablet&quot;,&quot;mobile&quot;]}\">\n\t\t<div class=\"elementor-element elementor-element-4f5e4b2 e-con-full e-flex e-con e-child\" data-id=\"4f5e4b2\" data-element_type=\"container\" data-e-type=\"container\">\n\t\t\t\t<div class=\"elementor-element elementor-element-ba2f897 elementor-widget elementor-widget-text-editor\" data-id=\"ba2f897\" data-element_type=\"widget\" data-e-type=\"widget\" data-widget_type=\"text-editor.default\">\n\t\t\t\t\t\t\t\t\t<p>Cullera es un destino que no te dejar\u00e1 indiferente. Su historia, sus tradiciones, su rico patrimonio hist\u00f3rico, el entorno natural en el que se encuentra y sus incre\u00edbles playas hacen de Cullera\u00a0<strong>un destino perfecto para todos<\/strong>\u00a0los p\u00fablicos.<\/p><p>Cullera goza de un privilegiado y extenso litoral, la calidad de sus playas y servicios est\u00e1 avalada por la concesi\u00f3n de diversas certificaciones medioambientales y de calidad, cuenta con siete\u00a0<strong>playas galardonadas con bandera azul<\/strong>, lo que supone un compromiso constante para la b\u00fasqueda de la excelencia. Las playas de Cullera son una opci\u00f3n perfecta para disfrutar de las vacaciones.<\/p><p>Cullera ofrece un\u00a0<strong>entorno privilegiado<\/strong>\u00a0colmado de contrastes por su singular y privilegiada situaci\u00f3n abierta al mar, bordeada por la monta\u00f1a y atravesada por el r\u00edo J\u00facar, con un microclima que garantiza inviernos templados y veranos suaves.<\/p><p>La Monta\u00f1a de Cullera, los humedales con el marjal, los lagos, arrozales, la desembocadura del r\u00edo J\u00facar, las dunas y los espacios protegidos conforman la gran diversidad de ambientes y paisajes que envuelven Cullera en un\u00a0<strong>entorno lleno de encanto y de atractivo natural<\/strong>.<\/p><p>Cullera es tierra de contrastes donde descubrir y disfrutar, a trav\u00e9s de las siete rutas ecotur\u00edsticas existentes, de un incre\u00edble patrimonio natural, art\u00edstico-cultural y de las panor\u00e1micas m\u00e1s admirables de la comarca.<\/p><p>Podr\u00e1s disfrutar de la oferta cultural de Cullera durante todo el a\u00f1o, adem\u00e1s de sus tradiciones y festividades como las fiestas patronales, la celebraci\u00f3n de la Semana Santa y nuestras fallas, declaradas Patrimonio de la Humanidad.<\/p>\t\t\t\t\t\t\t\t<\/div>\n\t\t\t\t<\/div>\n\t\t\t\t<\/div>\n\t\t<div class=\"elementor-element elementor-element-c629d96 hero e-con-full e-flex e-con e-parent\" data-id=\"c629d96\" data-element_type=\"container\" data-e-type=\"container\" data-settings=\"{&quot;background_background&quot;:&quot;classic&quot;,&quot;background_motion_fx_motion_fx_scrolling&quot;:&quot;yes&quot;,&quot;background_motion_fx_devices&quot;:[&quot;desktop&quot;,&quot;laptop&quot;,&quot;tablet&quot;,&quot;mobile&quot;]}\">\n\t\t<div class=\"elementor-element elementor-element-407ea6c e-con-full e-flex e-con e-child\" data-id=\"407ea6c\" data-element_type=\"container\" data-e-type=\"container\">\n\t\t\t\t<div class=\"elementor-element elementor-element-0f41161 carousel-mobile-auto-height elementor-pagination-type-bullets elementor-arrows-position-inside elementor-pagination-position-outside elementor-widget elementor-widget-n-carousel\" data-id=\"0f41161\" data-element_type=\"widget\" data-e-type=\"widget\" data-settings=\"{&quot;carousel_items&quot;:[{&quot;slide_title&quot;:&quot;Slide #1&quot;,&quot;_id&quot;:&quot;508926b&quot;},{&quot;slide_title&quot;:&quot;Slide #1&quot;,&quot;_id&quot;:&quot;8511ee4&quot;},{&quot;slide_title&quot;:&quot;Slide #1&quot;,&quot;_id&quot;:&quot;8b7ede5&quot;}],&quot;slides_to_show&quot;:&quot;1&quot;,&quot;slides_to_scroll&quot;:&quot;1&quot;,&quot;image_spacing_custom&quot;:{&quot;unit&quot;:&quot;px&quot;,&quot;size&quot;:20,&quot;sizes&quot;:[]},&quot;slides_to_show_tablet&quot;:&quot;1&quot;,&quot;slides_to_scroll_mobile&quot;:&quot;1&quot;,&quot;slides_to_show_mobile&quot;:&quot;1&quot;,&quot;autoplay&quot;:&quot;yes&quot;,&quot;autoplay_speed&quot;:5000,&quot;pause_on_hover&quot;:&quot;yes&quot;,&quot;pause_on_interaction&quot;:&quot;yes&quot;,&quot;infinite&quot;:&quot;yes&quot;,&quot;speed&quot;:500,&quot;offset_sides&quot;:&quot;none&quot;,&quot;arrows&quot;:&quot;yes&quot;,&quot;pagination&quot;:&quot;bullets&quot;,&quot;image_spacing_custom_laptop&quot;:{&quot;unit&quot;:&quot;px&quot;,&quot;size&quot;:&quot;&quot;,&quot;sizes&quot;:[]},&quot;image_spacing_custom_tablet&quot;:{&quot;unit&quot;:&quot;px&quot;,&quot;size&quot;:&quot;&quot;,&quot;sizes&quot;:[]},&quot;image_spacing_custom_mobile&quot;:{&quot;unit&quot;:&quot;px&quot;,&quot;size&quot;:&quot;&quot;,&quot;sizes&quot;:[]}}\" data-widget_type=\"nested-carousel.default\">\n\t\t\t\t\t\t\t<div class=\"e-n-carousel swiper\" role=\"region\" aria-roledescription=\"carousel\" aria-label=\"Carousel\" dir=\"ltr\">\n\t\t\t<div class=\"swiper-wrapper\" aria-live=\"off\">\n\t\t\t\t\t\t\t\t\t\t<div class=\"swiper-slide\" data-slide=\"1\" role=\"group\" aria-roledescription=\"slide\" aria-label=\"1 of 3\">\n\t\t\t\t\t\t\t<div class=\"elementor-element elementor-element-88a45f4 e-con-full e-flex e-con e-child\" data-id=\"88a45f4\" data-element_type=\"container\" data-e-type=\"container\" data-settings=\"{&quot;background_background&quot;:&quot;classic&quot;}\">\n\t\t<div class=\"elementor-element elementor-element-1c911ae e-con-full animated-slow e-flex elementor-invisible e-con e-child\" data-id=\"1c911ae\" data-element_type=\"container\" data-e-type=\"container\" data-settings=\"{&quot;animation&quot;:&quot;fadeIn&quot;}\">\n\t\t\t\t<div class=\"elementor-element elementor-element-129338b elementor-invisible elementor-widget elementor-widget-heading\" data-id=\"129338b\" data-element_type=\"widget\" data-e-type=\"widget\" data-settings=\"{&quot;_animation&quot;:&quot;fadeInUp&quot;}\" data-widget_type=\"heading.default\">\n\t\t\t\t\t<h3 class=\"elementor-heading-title elementor-size-default\">MUSEOS Y PATRIMONIO<\/h3>\t\t\t\t<\/div>\n\t\t\t\t<div class=\"elementor-element elementor-element-fa4dd66 elementor-widget-divider--view-line elementor-widget elementor-widget-divider\" data-id=\"fa4dd66\" data-element_type=\"widget\" data-e-type=\"widget\" data-widget_type=\"divider.default\">\n\t\t\t\t\t\t\t<div class=\"elementor-divider\">\n\t\t\t<span class=\"elementor-divider-separator\">\n\t\t\t\t\t\t<\/span>\n\t\t<\/div>\n\t\t\t\t\t\t<\/div>\n\t\t\t\t<div class=\"elementor-element elementor-element-df23cfc elementor-widget__width-initial elementor-widget elementor-widget-text-editor\" data-id=\"df23cfc\" data-element_type=\"widget\" data-e-type=\"widget\" data-widget_type=\"text-editor.default\">\n\t\t\t\t\t\t\t\t\t<p>\u2022 Castillo de Cullera<\/p><p>\u2022 Refugios de la Guerra Civil<\/p><p>\u2022 Cueva museo del pirata Dragut<\/p><p>\u2022 Faro de Cullera<\/p><p>\u2022 Museo de historia y arqueolog\u00eda<\/p><p>\u2022 Museo fallero<\/p><p>\u2022 Torre de la Reina Mora<\/p><p>\u2022 Iglesia de los Santos Juanes<\/p><p>\u2022 Museo del arroz<\/p><p>\u2022 Museo de la Torre del Marenyet<\/p><p>\u2022 Jard\u00edn Bot\u00e1nic<\/p>\t\t\t\t\t\t\t\t<\/div>\n\t\t\t\t<\/div>\n\t\t<div class=\"elementor-element elementor-element-f150545 e-con-full e-flex e-con e-child\" data-id=\"f150545\" data-element_type=\"container\" data-e-type=\"container\" data-settings=\"{&quot;background_background&quot;:&quot;classic&quot;}\">\n\t\t\t\t<\/div>\n\t\t\t\t<\/div>\n\t\t\t\t\t\t\t\t<\/div>\n\t\t\t\t\t\t\t\t\t\t\t<div class=\"swiper-slide\" data-slide=\"2\" role=\"group\" aria-roledescription=\"slide\" aria-label=\"2 of 3\">\n\t\t\t\t\t\t\t<div class=\"elementor-element elementor-element-d8914d7 e-con-full e-flex e-con e-child\" data-id=\"d8914d7\" data-element_type=\"container\" data-e-type=\"container\" data-settings=\"{&quot;background_background&quot;:&quot;classic&quot;}\">\n\t\t<div class=\"elementor-element elementor-element-525bb5c e-con-full animated-slow e-flex elementor-invisible e-con e-child\" data-id=\"525bb5c\" data-element_type=\"container\" data-e-type=\"container\" data-settings=\"{&quot;animation&quot;:&quot;fadeIn&quot;}\">\n\t\t\t\t<div class=\"elementor-element elementor-element-f0420b8 elementor-invisible elementor-widget elementor-widget-heading\" data-id=\"f0420b8\" data-element_type=\"widget\" data-e-type=\"widget\" data-settings=\"{&quot;_animation&quot;:&quot;fadeInUp&quot;}\" data-widget_type=\"heading.default\">\n\t\t\t\t\t<h3 class=\"elementor-heading-title elementor-size-default\">RUTAS CULTURALES<\/h3>\t\t\t\t<\/div>\n\t\t\t\t<div class=\"elementor-element elementor-element-1d3a294 elementor-widget-divider--view-line elementor-widget elementor-widget-divider\" data-id=\"1d3a294\" data-element_type=\"widget\" data-e-type=\"widget\" data-widget_type=\"divider.default\">\n\t\t\t\t\t\t\t<div class=\"elementor-divider\">\n\t\t\t<span class=\"elementor-divider-separator\">\n\t\t\t\t\t\t<\/span>\n\t\t<\/div>\n\t\t\t\t\t\t<\/div>\n\t\t\t\t<div class=\"elementor-element elementor-element-89200c2 elementor-widget__width-initial elementor-widget elementor-widget-text-editor\" data-id=\"89200c2\" data-element_type=\"widget\" data-e-type=\"widget\" data-widget_type=\"text-editor.default\">\n\t\t\t\t\t\t\t\t\t<p>\u2022 Ruta de la Villa<\/p><p>\u2022 Casco hist\u00f3rico<\/p><p>\u2022 Ruta isl\u00e1mica<\/p><p>\u2022 Barrio del Pou<\/p><p>\u2022 Secretos de los Santos Juanes<\/p><p>\u2022 Ruta de la Albacara del Castillo<\/p>\t\t\t\t\t\t\t\t<\/div>\n\t\t\t\t<\/div>\n\t\t<div class=\"elementor-element elementor-element-0d9e539 e-con-full e-flex e-con e-child\" data-id=\"0d9e539\" data-element_type=\"container\" data-e-type=\"container\" data-settings=\"{&quot;background_background&quot;:&quot;classic&quot;}\">\n\t\t\t\t<\/div>\n\t\t\t\t<\/div>\n\t\t\t\t\t\t\t\t<\/div>\n\t\t\t\t\t\t\t\t\t\t\t<div class=\"swiper-slide\" data-slide=\"3\" role=\"group\" aria-roledescription=\"slide\" aria-label=\"3 of 3\">\n\t\t\t\t\t\t\t<div class=\"elementor-element elementor-element-6ecfc75 e-con-full e-flex e-con e-child\" data-id=\"6ecfc75\" data-element_type=\"container\" data-e-type=\"container\" data-settings=\"{&quot;background_background&quot;:&quot;classic&quot;}\">\n\t\t<div class=\"elementor-element elementor-element-edf5c0c e-con-full animated-slow e-flex elementor-invisible e-con e-child\" data-id=\"edf5c0c\" data-element_type=\"container\" data-e-type=\"container\" data-settings=\"{&quot;animation&quot;:&quot;fadeIn&quot;}\">\n\t\t\t\t<div class=\"elementor-element elementor-element-d949716 elementor-invisible elementor-widget elementor-widget-heading\" data-id=\"d949716\" data-element_type=\"widget\" data-e-type=\"widget\" data-settings=\"{&quot;_animation&quot;:&quot;fadeInUp&quot;}\" data-widget_type=\"heading.default\">\n\t\t\t\t\t<h3 class=\"elementor-heading-title elementor-size-default\">RUTAS NATURALES\n<\/h3>\t\t\t\t<\/div>\n\t\t\t\t<div class=\"elementor-element elementor-element-6678676 elementor-widget-divider--view-line elementor-widget elementor-widget-divider\" data-id=\"6678676\" data-element_type=\"widget\" data-e-type=\"widget\" data-widget_type=\"divider.default\">\n\t\t\t\t\t\t\t<div class=\"elementor-divider\">\n\t\t\t<span class=\"elementor-divider-separator\">\n\t\t\t\t\t\t<\/span>\n\t\t<\/div>\n\t\t\t\t\t\t<\/div>\n\t\t\t\t<div class=\"elementor-element elementor-element-39aa546 elementor-widget__width-initial elementor-widget elementor-widget-text-editor\" data-id=\"39aa546\" data-element_type=\"widget\" data-e-type=\"widget\" data-widget_type=\"text-editor.default\">\n\t\t\t\t\t\t\t\t\t<p>\u2022 Desembocadura del J\u00facar<\/p><p>\u2022 Ruta del arroz<\/p><p>\u2022 Senda de la Lloma<\/p><p>\u2022 Senda del Estany<\/p><p>\u2022 Playas del sur<\/p>\t\t\t\t\t\t\t\t<\/div>\n\t\t\t\t<\/div>\n\t\t<div class=\"elementor-element elementor-element-28215f4 e-con-full e-flex e-con e-child\" data-id=\"28215f4\" data-element_type=\"container\" data-e-type=\"container\" data-settings=\"{&quot;background_background&quot;:&quot;classic&quot;}\">\n\t\t\t\t<\/div>\n\t\t\t\t<\/div>\n\t\t\t\t\t\t\t\t<\/div>\n\t\t\t\t\t\t\t\t<\/div>\n\t\t<\/div>\n\t\t\t\t\t<div class=\"elementor-swiper-button elementor-swiper-button-prev\" role=\"button\" tabindex=\"0\" aria-label=\"Previous\">\n\t\t\t\t<svg xmlns=\"http:\/\/www.w3.org\/2000\/svg\" id=\"Capa_1\" viewBox=\"0 0 398.2 800\"><defs><style>      .st0 {        fill: #c75c45;      }    <\/style><\/defs><g id=\"Capa_2\"><g id=\"Capa_1-2\"><g id=\"Group_65\"><path id=\"Path_57\" class=\"st0\" d=\"M382.4,0c8.7,0,15.8,7.1,15.8,15.8,0,4.2-1.7,8.2-4.6,11.2L39.4,381.2c-10.3,10.4-10.3,27.2,0,37.6l354.1,354.2c6.1,6.3,6,16.3-.3,22.4-6.1,6-15.9,6-22.1,0L17,441.2c-22.7-22.8-22.7-59.6,0-82.4L371.2,4.6C374.1,1.7,378.2,0,382.4,0Z\"><\/path><\/g><\/g><\/g><\/svg>\t\t\t<\/div>\n\t\t\t<div class=\"elementor-swiper-button elementor-swiper-button-next\" role=\"button\" tabindex=\"0\" aria-label=\"Next\">\n\t\t\t\t<svg xmlns=\"http:\/\/www.w3.org\/2000\/svg\" id=\"Capa_1\" viewBox=\"0 0 398.2 800\"><defs><style>      .st0 {        fill: #c75c45;      }    <\/style><\/defs><g id=\"Capa_2\"><g id=\"Capa_1-2\"><g id=\"Group_65\"><path id=\"Path_57\" class=\"st0\" d=\"M15.8,799.9c-8.7,0-15.8-7.1-15.8-15.8,0-4.2,1.7-8.2,4.6-11.2l354.1-354.2c10.3-10.4,10.3-27.2,0-37.6L4.6,26.9C-1.5,20.6-1.4,10.6,4.9,4.5c6.1-6,15.9-6,22.1,0l354.2,354.2c22.7,22.8,22.7,59.6,0,82.4L27,795.2c-3,3-7,4.6-11.2,4.6Z\"><\/path><\/g><\/g><\/g><\/svg>\t\t\t<\/div>\n\t\t\t\t\t<div class=\"swiper-pagination\"><\/div>\n\t\t\t\t\t\t<\/div>\n\t\t\t\t<\/div>\n\t\t\t\t<\/div>\n\t\t<div class=\"elementor-element elementor-element-85f44d2 e-flex e-con-boxed e-con e-parent\" data-id=\"85f44d2\" data-element_type=\"container\" data-e-type=\"container\" data-settings=\"{&quot;background_motion_fx_devices&quot;:[&quot;desktop&quot;,&quot;laptop&quot;,&quot;tablet&quot;,&quot;mobile&quot;]}\">\n\t\t\t\t\t<div class=\"e-con-inner\">\n\t\t\t\t<div class=\"elementor-element elementor-element-95785eb elementor--h-position-left elementor--v-position-bottom elementor-widget__width-inherit elementor-widget elementor-widget-slides\" data-id=\"95785eb\" data-element_type=\"widget\" data-e-type=\"widget\" data-settings=\"{&quot;navigation&quot;:&quot;none&quot;,&quot;autoplay_speed&quot;:4000,&quot;transition&quot;:&quot;fade&quot;,&quot;autoplay&quot;:&quot;yes&quot;,&quot;infinite&quot;:&quot;yes&quot;,&quot;transition_speed&quot;:500}\" data-widget_type=\"slides.default\">\n\t\t\t\t\t\t\t\t\t\t<div class=\"elementor-slides-wrapper elementor-main-swiper swiper\" role=\"region\" aria-roledescription=\"carousel\" aria-label=\"Slides\" dir=\"ltr\" data-animation=\"fadeInUp\">\n\t\t\t\t<div class=\"swiper-wrapper elementor-slides\">\n\t\t\t\t\t\t\t\t\t\t<div class=\"elementor-repeater-item-3ca0a7c swiper-slide\" role=\"group\" aria-roledescription=\"slide\"><div class=\"swiper-slide-bg elementor-ken-burns elementor-ken-burns--in\" role=\"img\" aria-label=\"Torre de la Reina Mora\"><\/div><div class=\"elementor-background-overlay\"><\/div><div class=\"swiper-slide-inner\" ><div class=\"swiper-slide-contents\"><h2 class=\"elementor-slide-heading\">Torre de la Reina Mora<\/h2><\/div><\/div><\/div><div class=\"elementor-repeater-item-1a9a0d6 swiper-slide\" role=\"group\" aria-roledescription=\"slide\"><div class=\"swiper-slide-bg elementor-ken-burns elementor-ken-burns--in\" role=\"img\" aria-label=\"Laguna del Stany\"><\/div><div class=\"elementor-background-overlay\"><\/div><div class=\"swiper-slide-inner\" ><div class=\"swiper-slide-contents\"><h2 class=\"elementor-slide-heading\">Laguna del Stany<\/h2><\/div><\/div><\/div><div class=\"elementor-repeater-item-6e896ee swiper-slide\" role=\"group\" aria-roledescription=\"slide\"><div class=\"swiper-slide-bg elementor-ken-burns elementor-ken-burns--in\" role=\"img\" aria-label=\"Mirador del Dossel\"><\/div><div class=\"elementor-background-overlay\"><\/div><div class=\"swiper-slide-inner\" ><div class=\"swiper-slide-contents\"><h2 class=\"elementor-slide-heading\">Mirador del Dossel<\/h2><\/div><\/div><\/div><div class=\"elementor-repeater-item-9724ead swiper-slide\" role=\"group\" aria-roledescription=\"slide\"><div class=\"swiper-slide-bg elementor-ken-burns elementor-ken-burns--in\" role=\"img\" aria-label=\"El faro\"><\/div><div class=\"elementor-background-overlay\"><\/div><div class=\"swiper-slide-inner\" ><div class=\"swiper-slide-contents\"><h2 class=\"elementor-slide-heading\">El faro<\/h2><\/div><\/div><\/div><div class=\"elementor-repeater-item-878c5bb swiper-slide\" role=\"group\" aria-roledescription=\"slide\"><div class=\"swiper-slide-bg elementor-ken-burns elementor-ken-burns--in\" role=\"img\" aria-label=\"Platja-Dossel-13\"><\/div><div class=\"elementor-background-overlay\"><\/div><div class=\"swiper-slide-inner\" ><div class=\"swiper-slide-contents\"><h2 class=\"elementor-slide-heading\">Mirador el Dossel<\/h2><\/div><\/div><\/div><div class=\"elementor-repeater-item-5270ec2 swiper-slide\" role=\"group\" aria-roledescription=\"slide\"><div class=\"swiper-slide-bg elementor-ken-burns elementor-ken-burns--in\" role=\"img\" aria-label=\"Las playas\"><\/div><div class=\"elementor-background-overlay\"><\/div><div class=\"swiper-slide-inner\" ><div class=\"swiper-slide-contents\"><h2 class=\"elementor-slide-heading\">Las playas<\/h2><\/div><\/div><\/div><div class=\"elementor-repeater-item-1589c90 swiper-slide\" role=\"group\" aria-roledescription=\"slide\"><div class=\"swiper-slide-bg elementor-ken-burns elementor-ken-burns--in\" role=\"img\" aria-label=\"El castillo de Cullera\"><\/div><div class=\"elementor-background-overlay\"><\/div><div class=\"swiper-slide-inner\" ><div class=\"swiper-slide-contents\"><h2 class=\"elementor-slide-heading\">El Castillo de Cullera<\/h2><\/div><\/div><\/div><div class=\"elementor-repeater-item-88179f0 swiper-slide\" role=\"group\" aria-roledescription=\"slide\"><div class=\"swiper-slide-bg elementor-ken-burns elementor-ken-burns--in\" role=\"img\" aria-label=\"El barrio del Pop\"><\/div><div class=\"elementor-background-overlay\"><\/div><div class=\"swiper-slide-inner\" ><div class=\"swiper-slide-contents\"><h2 class=\"elementor-slide-heading\">El Barrio del Pou<\/h2><\/div><\/div><\/div>\t\t\t\t<\/div>\n\t\t\t\t\t\t\t\t\t\t\t\t\t\t\t\t\t\t\t\t\t<\/div>\n\t\t\t\t\t\t\t\t<\/div>\n\t\t\t\t\t<\/div>\n\t\t\t\t<\/div>\n\t\t\t\t<\/div>\n\t\t","protected":false},"excerpt":{"rendered":"<p>Cullera NO TE DEJAR\u00c1 INDIFERENTE Cullera es un destino que no te dejar\u00e1 indiferente. Su historia, sus tradiciones, su rico patrimonio hist\u00f3rico, el entorno natural en el que se encuentra y sus incre\u00edbles playas hacen de Cullera\u00a0un destino perfecto para todos\u00a0los p\u00fablicos. Cullera goza de un privilegiado y extenso litoral, la calidad de sus playas [&hellip;]<\/p>\n","protected":false},"author":2,"featured_media":0,"parent":0,"menu_order":0,"comment_status":"closed","ping_status":"closed","template":"","meta":{"footnotes":""},"class_list":["post-1461","page","type-page","status-publish","hentry"],"_links":{"self":[{"href":"https:\/\/torsehoteles.com\/santamarta\/wp-json\/wp\/v2\/pages\/1461","targetHints":{"allow":["GET"]}}],"collection":[{"href":"https:\/\/torsehoteles.com\/santamarta\/wp-json\/wp\/v2\/pages"}],"about":[{"href":"https:\/\/torsehoteles.com\/santamarta\/wp-json\/wp\/v2\/types\/page"}],"author":[{"embeddable":true,"href":"https:\/\/torsehoteles.com\/santamarta\/wp-json\/wp\/v2\/users\/2"}],"replies":[{"embeddable":true,"href":"https:\/\/torsehoteles.com\/santamarta\/wp-json\/wp\/v2\/comments?post=1461"}],"version-history":[{"count":298,"href":"https:\/\/torsehoteles.com\/santamarta\/wp-json\/wp\/v2\/pages\/1461\/revisions"}],"predecessor-version":[{"id":4767,"href":"https:\/\/torsehoteles.com\/santamarta\/wp-json\/wp\/v2\/pages\/1461\/revisions\/4767"}],"wp:attachment":[{"href":"https:\/\/torsehoteles.com\/santamarta\/wp-json\/wp\/v2\/media?parent=1461"}],"curies":[{"name":"wp","href":"https:\/\/api.w.org\/{rel}","templated":true}]}}