{"id":2678,"date":"2025-12-11T08:15:07","date_gmt":"2025-12-11T08:15:07","guid":{"rendered":"https:\/\/torsehoteles.com\/losrobles\/?page_id=2678"},"modified":"2025-12-11T08:25:25","modified_gmt":"2025-12-11T08:25:25","slug":"politica-de-privacidad","status":"publish","type":"page","link":"https:\/\/torsehoteles.com\/losrobles\/politica-de-privacidad\/","title":{"rendered":"Pol\u00edtica\u00a0de privacidad"},"content":{"rendered":"\t\t<div data-elementor-type=\"wp-page\" data-elementor-id=\"2678\" class=\"elementor elementor-2678\" data-elementor-post-type=\"page\">\n\t\t\t\t<div class=\"elementor-element elementor-element-008ff10 e-flex e-con-boxed e-con e-parent\" data-id=\"008ff10\" data-element_type=\"container\" data-e-type=\"container\" data-settings=\"{&quot;background_background&quot;:&quot;classic&quot;,&quot;background_motion_fx_motion_fx_scrolling&quot;:&quot;yes&quot;,&quot;background_motion_fx_translateX_effect&quot;:&quot;yes&quot;,&quot;background_motion_fx_translateX_speed&quot;:{&quot;unit&quot;:&quot;px&quot;,&quot;size&quot;:2.600000000000000088817841970012523233890533447265625,&quot;sizes&quot;:[]},&quot;background_motion_fx_translateX_affectedRange&quot;:{&quot;unit&quot;:&quot;%&quot;,&quot;size&quot;:&quot;&quot;,&quot;sizes&quot;:{&quot;start&quot;:0,&quot;end&quot;:100}},&quot;background_motion_fx_devices&quot;:[&quot;desktop&quot;,&quot;laptop&quot;,&quot;tablet&quot;,&quot;mobile&quot;]}\">\n\t\t\t\t\t<div class=\"e-con-inner\">\n\t\t<div class=\"elementor-element elementor-element-ba83f6f e-con-full e-flex e-con e-child\" data-id=\"ba83f6f\" data-element_type=\"container\" data-e-type=\"container\">\n\t\t\t\t<div class=\"elementor-element elementor-element-ac83554 elementor-widget elementor-widget-heading\" data-id=\"ac83554\" data-element_type=\"widget\" data-e-type=\"widget\" data-widget_type=\"heading.default\">\n\t\t\t\t\t<h1 class=\"elementor-heading-title elementor-size-default\">Pol\u00edtica\u00a0de privacidad<\/h1>\t\t\t\t<\/div>\n\t\t\t\t<div class=\"elementor-element elementor-element-91a25a8 elementor-widget-divider--view-line elementor-widget elementor-widget-divider\" data-id=\"91a25a8\" data-element_type=\"widget\" data-e-type=\"widget\" data-widget_type=\"divider.default\">\n\t\t\t\t\t\t\t<div class=\"elementor-divider\">\n\t\t\t<span class=\"elementor-divider-separator\">\n\t\t\t\t\t\t<\/span>\n\t\t<\/div>\n\t\t\t\t\t\t<\/div>\n\t\t\t\t<\/div>\n\t\t\t\t\t<\/div>\n\t\t\t\t<\/div>\n\t\t<div class=\"elementor-element elementor-element-c629d96 hero e-con-full e-flex e-con e-parent\" data-id=\"c629d96\" data-element_type=\"container\" data-e-type=\"container\" data-settings=\"{&quot;background_background&quot;:&quot;classic&quot;,&quot;background_motion_fx_motion_fx_scrolling&quot;:&quot;yes&quot;,&quot;background_motion_fx_devices&quot;:[&quot;desktop&quot;,&quot;laptop&quot;,&quot;tablet&quot;,&quot;mobile&quot;]}\">\n\t\t\t\t<div class=\"elementor-element elementor-element-6ffaf5f elementor-widget elementor-widget-text-editor\" data-id=\"6ffaf5f\" data-element_type=\"widget\" data-e-type=\"widget\" data-widget_type=\"text-editor.default\">\n\t\t\t\t\t\t\t\t\t<h2>Protecci\u00f3n de Datos Personales<\/h2>\n<p>A efectos de lo previsto en la Ley Org\u00e1nica 3\/2018, de 5 de diciembre, de Protecci\u00f3n de Datos de Car\u00e1cter Personal y el Reglamento General de Protecci\u00f3n de Datos de la Uni\u00f3n Europea 2016\/679, de 27 de abril de 2016, TORSE S.A. con CIF A46063731, en adelante, TORSE HOTELES informa al usuario\/a de la existencia del tratamiento de los datos de car\u00e1cter personal con la finalidad de realizar la gesti\u00f3n de la relaci\u00f3n con los usuarios\/as y clientes\/as para solicitud de informaci\u00f3n y reservas.<\/p>\n\n<h2>ENV\u00cdO Y REGISTRO DE DATOS DE CAR\u00c1CTER PERSONAL<\/h2>\n<p>El env\u00edo de datos de car\u00e1cter personal es obligatorio para contactar y recibir informaci\u00f3n sobre los productos y servicios de TORSE HOTELES, debiendo suscribirse expresamente en nuestra newsletter si quiere que le mantengamos informado\/a peri\u00f3dicamente de todos los productos y novedades.<\/p>\n<p>El no facilitar los datos personales solicitados o el no aceptar la presente pol\u00edtica de protecci\u00f3n de datos supone la imposibilidad de suscribirse, registrarse o recibir informaci\u00f3n de los productos y servicios de TORSE HOTELES.<\/p>\n<p>De acuerdo a lo establecido en la Ley Org\u00e1nica 3\/2018, de 5 de diciembre, de Protecci\u00f3n de Datos de Car\u00e1cter Personal y el Reglamento General de Protecci\u00f3n de Datos de la Uni\u00f3n Europea 2016\/679, de 27 de abril de 2016 relativo a la protecci\u00f3n de las personas f\u00edsicas en lo que respecta al tratamiento de datos personales y a la libre circulaci\u00f3n de estos datos, le informamos que los datos personales que se obtengan como consecuencia de su env\u00edo, ser\u00e1n objeto de tratamiento por TORSE S.A. con domicilio en Calle San Rafael, 1-3, entresuelo, Gand\u00eda 46702 (Valencia), teniendo implementadas las medidas de seguridad necesarias para garantizar la privacidad.<\/p>\n\n<h2>EXACTITUD Y VERACIDAD DE LOS DATOS FACILITADOS<\/h2>\n<p>El usuario\/a que env\u00eda la informaci\u00f3n a TORSE HOTELES es el \u00fanico responsable de la veracidad y correcci\u00f3n de los datos incluidos, exoner\u00e1ndose TORSE HOTELES de cualquier responsabilidad al respecto.<\/p>\n<p>Los usuarios\/as garantizan y responden, en cualquier caso, de la exactitud, vigencia y autenticidad de los datos personales facilitados, y se comprometen a mantenerlos debidamente actualizados.<\/p>\n<p>El usuario\/a acepta proporcionar informaci\u00f3n completa y correcta en el formulario de registro o suscripci\u00f3n.<\/p>\n<p>TORSE HOTELES no responde de la veracidad de las informaciones que no sean de elaboraci\u00f3n propia y de las que se indique otra fuente, por lo que tampoco asume responsabilidad alguna en cuanto a hipot\u00e9ticos perjuicios que pudieran originarse por el uso de dicha informaci\u00f3n.<\/p>\n<p>Se exonera a TORSE HOTELES de responsabilidad ante cualquier da\u00f1o o perjuicio que pudiera sufrir el usuario\/a como consecuencia de errores, defectos u omisiones, en la informaci\u00f3n facilitada por TORSE HOTELES siempre que proceda de fuentes ajenas a TORSE HOTELES.<\/p>\n\n<h2>FINALIDADES<\/h2>\n<p>Las finalidades de la recogida de datos son: el desarrollo de actividades y prestaci\u00f3n de informaci\u00f3n sobre productos y posterior puesta en contacto con el usuario\/a de TORSE HOTELES.<\/p>\n\n<h2>CESI\u00d3N DE DATOS A TERCEROS<\/h2>\n<p>TORSE HOTELES no realizar\u00e1 cesi\u00f3n de los datos de los usuarios\/as a terceros. No obstante, en el caso de ser cedidos a alguna empresa se producir\u00eda una informaci\u00f3n previa a la recogida solicitando el consentimiento expreso del afectado\/a.<\/p>\n\n<h2>EJERCICIO DE DERECHOS DE ACCESO, RECTIFICACI\u00d3N, SUPRESI\u00d3N Y OPOSICI\u00d3N, LIMITACI\u00d3N DEL TRATAMIENTO Y PORTABILIDAD DE DATOS<\/h2>\n<p>Podr\u00e1 dirigir sus comunicaciones para revocar el consentimiento prestado y ejercitar el derecho de acceso a sus datos personales obteniendo copia de los mismos, el derecho de rectificaci\u00f3n de datos inexactos o incompletos, el derecho de supresi\u00f3n de sus datos personales, el derecho de retirada de sus datos personales de su p\u00e1gina web, el derecho de oposici\u00f3n al tratamiento de sus datos personales, el derecho de limitaci\u00f3n del tratamiento de sus datos personales y el derecho a la portabilidad de sus datos personales automatizados por correo dirigido a TORSE S.A., Calle San Rafael, 1-3, entresuelo, Gand\u00eda 46702 (Valencia). Para ejercer dichos derechos y en cumplimiento de la Instrucci\u00f3n 1\/1998, de 19 de enero, de la Agencia Espa\u00f1ola de Protecci\u00f3n de Datos, es necesario que usted acredite su personalidad frente a TORSE HOTELES mediante el env\u00edo de fotocopia del Documento Nacional de Identidad o cualquier otro medio v\u00e1lido en Derecho.<\/p>\n<p>Los interesados\/as tienen derecho a reclamar ante la autoridad de control.<\/p>\n\n<h2>PLAZO DE CONSERVACI\u00d3N DE LOS DATOS<\/h2>\n<p>Los datos personales del usuario\/a ser\u00e1n tratados de forma activa mientras ostente la condici\u00f3n de usuario\/a de www.torsehoteles.com; es decir, mientras no revoque su consentimiento o no ejerza su derecho de cancelaci\u00f3n, supresi\u00f3n u oposici\u00f3n a alguna finalidad en concreto.<\/p>\n<p>En caso de revocar su consentimiento o ejercer los derechos de cancelaci\u00f3n o supresi\u00f3n, sus datos ser\u00e1n bloqueados y conservados de forma restringida a disposici\u00f3n de las autoridades competentes durante un plazo de 3 a\u00f1os para atender a las posibles responsabilidades nacidas del tratamiento.<\/p>\n\n<h2>LEGITIMACI\u00d3N PARA EL TRATAMIENTO DE LOS DATOS<\/h2>\n<p>El registro en www.torsehoteles.com es libre y voluntario para el usuario\/a, por lo que la base legitimadora del tratamiento de sus datos personales es su consentimiento.<\/p>\n\n<h2>ACEPTACI\u00d3N Y CONSENTIMIENTO<\/h2>\n<p>El uso de la web le otorga la condici\u00f3n de usuario\/a del mismo (en adelante, el \u201cusuario\/a\u201d) e implica la aceptaci\u00f3n plena y sin reservas de todas y cada una de las disposiciones incluidas en las condiciones sobre protecci\u00f3n de datos de car\u00e1cter personal, aceptando y consintiendo el tratamiento de los mismos por parte de www.torsehoteles.com, en la forma y para las finalidades indicadas en la presente Pol\u00edtica de Protecci\u00f3n de Datos Personales, en la versi\u00f3n publicada por la \u201cweb\u201d, en el momento mismo en que el usuario\/a acceda a la misma. Como consecuencia, es deber del usuario\/a leer detenidamente el presente aviso legal cada vez que utilice la web, debido a que esta puede sufrir modificaciones.<\/p>\n<p>En relaci\u00f3n con la oferta de servicios de la sociedad de la informaci\u00f3n directamente a un\/a menor, el tratamiento de los datos personales de un\/a menor ser\u00e1 l\u00edcito cuando \u00e9ste tenga al menos 16 a\u00f1os de edad. Cuando la persona sea menor de 16 a\u00f1os, dicho tratamiento s\u00f3lo ser\u00e1 legal si el titular de la responsabilidad parental sobre el\/la menor da o autoriza su consentimiento, y en la medida en que lo d\u00e9 o autorice. Con respecto al l\u00edmite de edad del consentimiento v\u00e1lido, la Ley 3\/2018, de 5 de diciembre, queda fijada cuando el\/la menor sea mayor de 14 a\u00f1os.<\/p>\n\n<h2>MEDIDAS DE SEGURIDAD INFORM\u00c1TICA<\/h2>\n<p>TORSE HOTELES ha adoptado los niveles de seguridad de protecci\u00f3n de los datos personales requeridos para garantizar la privacidad de los datos. No obstante, disponemos de otros medios adicionales, como son firewalls de \u00faltima generaci\u00f3n, aparte de medidas t\u00e9cnicas como software para la encriptaci\u00f3n de la informaci\u00f3n confidencial y control de acceso a la informaci\u00f3n de car\u00e1cter personal, usuarios\/as restringidos\/as, pol\u00edticas de seguridad, usuarios\/as y contrase\u00f1as que caducan seg\u00fan exige la LOPD y otros sistemas orientados a evitar el mal uso, alteraci\u00f3n, acceso no autorizado y robo de los datos personales facilitados a TORSE HOTELES.<\/p>\n<p>TORSE HOTELES no ser\u00e1 responsable de posibles da\u00f1os o perjuicios que se pudieran derivar de interferencias, omisiones, interrupciones, virus inform\u00e1ticos, aver\u00edas telef\u00f3nicas o desconexiones en el funcionamiento operativo de este sistema electr\u00f3nico, motivadas por causas ajenas a TORSE HOTELES; de retrasos o bloqueos en el uso del presente sistema electr\u00f3nico causados por deficiencias o sobrecargas de l\u00edneas telef\u00f3nicas o sobrecargas en el C.P.D. (Centro de Procesos de Datos), en el sistema de Internet o en otros sistemas electr\u00f3nicos, as\u00ed como de da\u00f1os que puedan ser causados por terceras personas mediante intromisiones ileg\u00edtimas fuera del control de TORSE HOTELES.<\/p>\n\t\t\t\t\t\t\t\t<\/div>\n\t\t\t\t<\/div>\n\t\t\t\t<\/div>\n\t\t","protected":false},"excerpt":{"rendered":"<p>Protecci\u00f3n de Datos Personales A efectos de lo previsto en la Ley Org\u00e1nica 3\/2018, de 5 de diciembre, de Protecci\u00f3n de Datos de Car\u00e1cter Personal y el Reglamento General de Protecci\u00f3n de Datos de la Uni\u00f3n Europea 2016\/679, de 27 de abril de 2016, TORSE S.A. con CIF A46063731, en adelante, TORSE HOTELES informa al [&hellip;]<\/p>\n","protected":false},"author":1,"featured_media":0,"parent":0,"menu_order":0,"comment_status":"closed","ping_status":"closed","template":"","meta":{"footnotes":""},"class_list":["post-2678","page","type-page","status-publish","hentry"],"_links":{"self":[{"href":"https:\/\/torsehoteles.com\/losrobles\/wp-json\/wp\/v2\/pages\/2678","targetHints":{"allow":["GET"]}}],"collection":[{"href":"https:\/\/torsehoteles.com\/losrobles\/wp-json\/wp\/v2\/pages"}],"about":[{"href":"https:\/\/torsehoteles.com\/losrobles\/wp-json\/wp\/v2\/types\/page"}],"author":[{"embeddable":true,"href":"https:\/\/torsehoteles.com\/losrobles\/wp-json\/wp\/v2\/users\/1"}],"replies":[{"embeddable":true,"href":"https:\/\/torsehoteles.com\/losrobles\/wp-json\/wp\/v2\/comments?post=2678"}],"version-history":[{"count":4,"href":"https:\/\/torsehoteles.com\/losrobles\/wp-json\/wp\/v2\/pages\/2678\/revisions"}],"predecessor-version":[{"id":2692,"href":"https:\/\/torsehoteles.com\/losrobles\/wp-json\/wp\/v2\/pages\/2678\/revisions\/2692"}],"wp:attachment":[{"href":"https:\/\/torsehoteles.com\/losrobles\/wp-json\/wp\/v2\/media?parent=2678"}],"curies":[{"name":"wp","href":"https:\/\/api.w.org\/{rel}","templated":true}]}}