{"id":2660,"date":"2025-12-11T08:03:50","date_gmt":"2025-12-11T08:03:50","guid":{"rendered":"https:\/\/torsehoteles.com\/losrobles\/?page_id=2660"},"modified":"2026-01-28T08:53:17","modified_gmt":"2026-01-28T08:53:17","slug":"aviso-legal","status":"publish","type":"page","link":"https:\/\/torsehoteles.com\/losrobles\/aviso-legal\/","title":{"rendered":"Aviso\u00a0Legal"},"content":{"rendered":"\t\t<div data-elementor-type=\"wp-page\" data-elementor-id=\"2660\" class=\"elementor elementor-2660\" data-elementor-post-type=\"page\">\n\t\t\t\t<div class=\"elementor-element elementor-element-008ff10 e-flex e-con-boxed e-con e-parent\" data-id=\"008ff10\" data-element_type=\"container\" data-e-type=\"container\" data-settings=\"{&quot;background_background&quot;:&quot;classic&quot;,&quot;background_motion_fx_motion_fx_scrolling&quot;:&quot;yes&quot;,&quot;background_motion_fx_translateX_effect&quot;:&quot;yes&quot;,&quot;background_motion_fx_translateX_speed&quot;:{&quot;unit&quot;:&quot;px&quot;,&quot;size&quot;:2.600000000000000088817841970012523233890533447265625,&quot;sizes&quot;:[]},&quot;background_motion_fx_translateX_affectedRange&quot;:{&quot;unit&quot;:&quot;%&quot;,&quot;size&quot;:&quot;&quot;,&quot;sizes&quot;:{&quot;start&quot;:0,&quot;end&quot;:100}},&quot;background_motion_fx_devices&quot;:[&quot;desktop&quot;,&quot;laptop&quot;,&quot;tablet&quot;,&quot;mobile&quot;]}\">\n\t\t\t\t\t<div class=\"e-con-inner\">\n\t\t<div class=\"elementor-element elementor-element-ba83f6f e-con-full e-flex e-con e-child\" data-id=\"ba83f6f\" data-element_type=\"container\" data-e-type=\"container\">\n\t\t\t\t<div class=\"elementor-element elementor-element-ac83554 elementor-widget elementor-widget-heading\" data-id=\"ac83554\" data-element_type=\"widget\" data-e-type=\"widget\" data-widget_type=\"heading.default\">\n\t\t\t\t\t<h1 class=\"elementor-heading-title elementor-size-default\">Aviso\u00a0Legal<\/h1>\t\t\t\t<\/div>\n\t\t\t\t<div class=\"elementor-element elementor-element-91a25a8 elementor-widget-divider--view-line elementor-widget elementor-widget-divider\" data-id=\"91a25a8\" data-element_type=\"widget\" data-e-type=\"widget\" data-widget_type=\"divider.default\">\n\t\t\t\t\t\t\t<div class=\"elementor-divider\">\n\t\t\t<span class=\"elementor-divider-separator\">\n\t\t\t\t\t\t<\/span>\n\t\t<\/div>\n\t\t\t\t\t\t<\/div>\n\t\t\t\t<\/div>\n\t\t\t\t\t<\/div>\n\t\t\t\t<\/div>\n\t\t<div class=\"elementor-element elementor-element-c629d96 hero e-con-full e-flex e-con e-parent\" data-id=\"c629d96\" data-element_type=\"container\" data-e-type=\"container\" data-settings=\"{&quot;background_background&quot;:&quot;classic&quot;,&quot;background_motion_fx_motion_fx_scrolling&quot;:&quot;yes&quot;,&quot;background_motion_fx_devices&quot;:[&quot;desktop&quot;,&quot;laptop&quot;,&quot;tablet&quot;,&quot;mobile&quot;]}\">\n\t\t\t\t<div class=\"elementor-element elementor-element-6ffaf5f elementor-widget elementor-widget-text-editor\" data-id=\"6ffaf5f\" data-element_type=\"widget\" data-e-type=\"widget\" data-widget_type=\"text-editor.default\">\n\t\t\t\t\t\t\t\t\t<p>El presente aviso legal regula el uso del sitio web www.torsehoteles.com (en adelante, el \u201csitio web\u201d) de TORSE S.A. con CIF A46063731 con domicilio en Calle San Rafael, 1-3, entresuelo, Gand\u00eda 46702 (Valencia) e Inscrita en el Registro Mercantil de Valencia Tomo 4380, Libro 1692, Folio 148, Secci\u00f3n 8, Hoja V23287.<\/p><h2>LEGISLACI\u00d3N<\/h2><p>Con car\u00e1cter general las relaciones entre TORSE HOTELES con los usuarios\/as de sus servicios telem\u00e1ticos, presentes en este sitio web, se encuentran sometidas a la legislaci\u00f3n y jurisdicci\u00f3n espa\u00f1ola. En concreto Ley Org\u00e1nica 34\/2002, de 11 de Julio, de Servicios de la Sociedad de la Informaci\u00f3n y de Comercio Electr\u00f3nico, Ley Org\u00e1nica 3\/2018, de 5 de diciembre, de Protecci\u00f3n de Datos de Car\u00e1cter Personal y el Reglamento General de Protecci\u00f3n de Datos de la Uni\u00f3n Europea 2016\/679, de 27 de abril de 2016 relativo a la protecci\u00f3n de las personas f\u00edsicas en lo que respecta al tratamiento de datos personales y a la libre circulaci\u00f3n de estos datos.<\/p><h2>USO Y ACCESO DE USUARIOS\/AS<\/h2><p>El usuario\/a queda informado\/a y acepta que el acceso a la presente web no supone, en modo alguno, el inicio de una relaci\u00f3n comercial con TORSE HOTELES.<\/p><h2>PROPIEDAD INTELECTUAL E INDUSTRIAL<\/h2><p>Los derechos de propiedad intelectual del contenido de las p\u00e1ginas web, su dise\u00f1o gr\u00e1fico y c\u00f3digos son titularidad de TORSE HOTELES y, por tanto, queda prohibida su reproducci\u00f3n, distribuci\u00f3n, comunicaci\u00f3n p\u00fablica, transformaci\u00f3n o cualquier otra actividad que se pueda realizar con los contenidos de sus p\u00e1ginas web ni a\u00fan citando las fuentes, salvo consentimiento por escrito de TORSE HOTELES.<\/p><h2>RESERVA DE DERECHOS<\/h2><p>TORSE HOTELES podr\u00e1, cuando lo considere conveniente, realizar correcciones, mejoras o modificaciones en la estructura, dise\u00f1o web, as\u00ed como cualquier informaci\u00f3n contenida en la p\u00e1gina, modificar o eliminar productos, las condiciones de acceso o incluso de uso de la web de forma unilateral y sin previo aviso, sin que ello de lugar ni derecho a ninguna reclamaci\u00f3n o indemnizaci\u00f3n, ni implique reconocimiento de responsabilidad alguna.<\/p><p>TORSE HOTELES se reserva el derecho para interrumpir, suspender o terminar la prestaci\u00f3n del servicio del sitio web o de cualquiera de los servicios que lo integran.<\/p><h2>EXCLUSI\u00d3N DE GARANT\u00cdAS Y RESPONSABILIDAD<\/h2><p>TORSE HOTELES no otorga ninguna garant\u00eda ni se hace responsable por los da\u00f1os y perjuicios de cualquier naturaleza que se pudiera derivar de:<\/p><ul><li>La falta de disponibilidad y continuidad t\u00e9cnica o del funcionamiento de la p\u00e1gina.<\/li><li>La existencia de virus, programas maliciosos o lesivos en los contenidos.<\/li><li>La falta de utilidad, adecuaci\u00f3n o validez de la web, servicios, contenidos con el objeto de responder a las necesidades, actividades o expectativas de los usuarios\/as.<\/li><li>Del uso negligente o il\u00edcito de la web, en general, que no respeten las normas definidas en el presente aviso legal, a la buena fe u orden p\u00fablico.<\/li><li>Errores.<\/li><\/ul><p>La presente web se centra en la promoci\u00f3n y venta de los productos ofertados en el mismo. TORSE HOTELES se compromete a respetar la veracidad de los datos.<\/p><p>Con respecto a la existencia de errores o imprecisiones en el sitio web, debido a que los contenidos han sido redactados de acuerdo a la buena fe, ser\u00e1n subsanados por TORSE HOTELES a la mayor brevedad posible y tan pronto como tenga conocimiento de ello.<\/p><h2>POL\u00cdTICA DE ENLACES<\/h2><p>La web puede incluir \u201clinks\u201d o enlaces de texto o gr\u00e1ficos hacia otras p\u00e1ginas web y contenidos ubicados fuera del sitio web. Los mismos son propiedad de terceros.<\/p><p>www.torsehoteles.com utiliza dichos \u201clinks\u201d con el objeto de proporcionar mayor informaci\u00f3n al usuario\/a. Debido a que son completamente ajenos a TORSE HOTELES, \u00e9sta no se responsabiliza en ning\u00fan caso de las mencionadas p\u00e1ginas web, de sus contenidos ni de las consecuencias que pueda acarrear al usuario\/a el acceso a dichos enlaces.<\/p><p>Asimismo, TORSE HOTELES s\u00f3lo autoriza a terceras personas interesadas a que establezcan \u201clinks\u201d desde sus p\u00e1ginas web siempre y cuando cumplan con las obligaciones establecidas en el presente Aviso Legal.<\/p><p>Particularmente el \u201clink\u201d ha de posibilitar que la web se muestre en su totalidad dentro de la pantalla del navegador sin que los contenidos se muestren a trav\u00e9s de marcos o \u201cframes\u201d.<\/p><p>No obstante, lo anterior, TORSE HOTELES se reserva el derecho a exigir a dichas terceras personas que retiren inmediatamente los \u201clinks\u201d hacia el sitio web cuando as\u00ed lo estime conveniente.<\/p><p>El establecimiento de un \u201clink\u201d no implicar\u00e1 en ning\u00fan caso la existencia de relaciones entre el tercero que incluye el mismo y TORSE HOTELES, ni el conocimiento y aceptaci\u00f3n por parte de TORSE HOTELES de los servicios y contenidos ofrecidos en dicha p\u00e1gina web.<\/p><h2>REDES SOCIALES<\/h2><p>La presente web utilizar\u00e1, Redes sociales y Comunidades virtuales que se utilizar\u00e1n como medios de comunicaci\u00f3n y promoci\u00f3n de los productos y servicios de TORSE HOTELES. Las redes sociales y comunidades virtuales de las que hace uso son las siguientes: Facebook, Twitter, LinkedIn, Google +, YouTube, sin perjuicio de que pueda utilizar otras en un futuro. Los objetivos espec\u00edficos a trav\u00e9s de los cuales se usan dichos medios son el apoyo medi\u00e1tico y difusi\u00f3n de los servicios de TORSE HOTELES.<\/p><p>Con respecto a la informaci\u00f3n de los contenidos de las redes sociales TORSE HOTELES no se hace responsable en ning\u00fan caso de la veracidad, exactitud, adecuaci\u00f3n, idoneidad y actualizaci\u00f3n de la informaci\u00f3n suministrada a trav\u00e9s de las mismas.<\/p><p>Los contenidos establecidos en las redes sociales son exclusivamente informativos, por lo que no se responsabiliza de las decisiones tomadas por el usuario\/a a partir de las mismas, ni de los da\u00f1os y perjuicios producidos en el usuario\/a o en terceros con base en esta informaci\u00f3n.<\/p><p>TORSE HOTELES procurar\u00e1 fomentar la calidad de las informaciones a trav\u00e9s de la subsanaci\u00f3n de errores en datos recibidos, as\u00ed como, en la administraci\u00f3n de los sitios y posibilitar\u00e1 que terceros usuarios\/as puedan reportar denuncias sobre comentarios ofensivos e improcedentes que no tengan que ver con los temas tratados, fotos publicadas o v\u00eddeos igualmente no relacionados con los temas a los que se destinan las anteriores redes sociales y comunidades.<\/p><p>En estos casos, TORSE HOTELES como administrador de las redes, tendr\u00e1 la potestad de borrar toda informaci\u00f3n que no se ajuste a la calidad, objeto y buen servicio informativo y l\u00fadico de las redes sociales. No obstante, pese a la intenci\u00f3n de procurar la m\u00e1xima calidad de contenidos, no se har\u00e1 responsable de las informaciones referidas.<\/p><p>Se informa que el acceso a las redes sociales y comunidades de los que la web hace uso para los objetivos anteriormente descritos requiere de un servicio\/suministro por parte de otros prestadores de servicios de la sociedad de la informaci\u00f3n. TORSE HOTELES no puede en ning\u00fan momento responsabilizarse de la fiabilidad, calidad, continuidad y funcionamiento de las mismas y, por tanto, no puede impedir su suspenso, cancelaci\u00f3n o inaccesibilidad por causas ajenas a TORSE HOTELES.<\/p><p>TORSE HOTELES no se responsabilizar\u00e1 de los da\u00f1os o perjuicios que sufra el usuario\/a por motivos que provengan de fallos o desconexiones en las redes sociales, y que puedan producir p\u00e9rdidas de informaci\u00f3n, suspensiones, cancelaciones o interrupciones del servicio durante la prestaci\u00f3n del mismo o con car\u00e1cter previo.<\/p><p>Las redes sociales y las comunidades pueden permitir el acceso a enlaces y otras p\u00e1ginas web. Atendiendo a la Ley 34\/2002, de 11 de julio, de servicios de la sociedad de la informaci\u00f3n y de comercio electr\u00f3nico, TORSE HOTELES act\u00faa como prestador de servicios de intermediaci\u00f3n, por lo que s\u00f3lo ser\u00e1 responsable de los contenidos y servicios suministrados en los sitios enlazados, en la medida en que tenga conocimiento efectivo de su ilicitud y no haya actuado con la diligencia debida para retirarlos. Si el usuario\/a considera que alguno de los sitios enlazados incluye contenidos il\u00edcitos o inadecuados, podr\u00e1 comunic\u00e1rselo a TORSE HOTELES mediante el mail establecido al final del presente aviso legal, procediendo diligentemente a retirar dichos enlaces. TORSE HOTELES en ning\u00fan caso se hace responsable de los contenidos y servicios ofrecidos en los sitios enlazados, por lo que no responde de los da\u00f1os producidos por su ilicitud, calidad, desactualizaci\u00f3n, indisponibilidad, error o inutilidad.<\/p><h2>DELEGADO\/A DE PROTECCI\u00d3N DE DATOS<\/h2><p>TORSE HOTELES ha designado voluntariamente un Delegado\/a de Protecci\u00f3n de Datos a trav\u00e9s del cual el usuario\/a podr\u00e1 plantear quejas, reclamaciones y sugerencias relativas a sus datos personales. Dir\u00edjase a la direcci\u00f3n <a href=\"mailto:info@torsehoteles.com\">info@torsehoteles.com<\/a> para comunicar su identidad y datos de contacto al responsable.<\/p>\t\t\t\t\t\t\t\t<\/div>\n\t\t\t\t<\/div>\n\t\t\t\t<\/div>\n\t\t","protected":false},"excerpt":{"rendered":"<p>El presente aviso legal regula el uso del sitio web www.torsehoteles.com (en adelante, el \u201csitio web\u201d) de TORSE S.A. con CIF A46063731 con domicilio en Calle San Rafael, 1-3, entresuelo, Gand\u00eda 46702 (Valencia) e Inscrita en el Registro Mercantil de Valencia Tomo 4380, Libro 1692, Folio 148, Secci\u00f3n 8, Hoja V23287. LEGISLACI\u00d3N Con car\u00e1cter general [&hellip;]<\/p>\n","protected":false},"author":1,"featured_media":0,"parent":0,"menu_order":0,"comment_status":"closed","ping_status":"closed","template":"","meta":{"footnotes":""},"class_list":["post-2660","page","type-page","status-publish","hentry"],"_links":{"self":[{"href":"https:\/\/torsehoteles.com\/losrobles\/wp-json\/wp\/v2\/pages\/2660","targetHints":{"allow":["GET"]}}],"collection":[{"href":"https:\/\/torsehoteles.com\/losrobles\/wp-json\/wp\/v2\/pages"}],"about":[{"href":"https:\/\/torsehoteles.com\/losrobles\/wp-json\/wp\/v2\/types\/page"}],"author":[{"embeddable":true,"href":"https:\/\/torsehoteles.com\/losrobles\/wp-json\/wp\/v2\/users\/1"}],"replies":[{"embeddable":true,"href":"https:\/\/torsehoteles.com\/losrobles\/wp-json\/wp\/v2\/comments?post=2660"}],"version-history":[{"count":16,"href":"https:\/\/torsehoteles.com\/losrobles\/wp-json\/wp\/v2\/pages\/2660\/revisions"}],"predecessor-version":[{"id":3251,"href":"https:\/\/torsehoteles.com\/losrobles\/wp-json\/wp\/v2\/pages\/2660\/revisions\/3251"}],"wp:attachment":[{"href":"https:\/\/torsehoteles.com\/losrobles\/wp-json\/wp\/v2\/media?parent=2660"}],"curies":[{"name":"wp","href":"https:\/\/api.w.org\/{rel}","templated":true}]}}