{"id":1784,"date":"2025-12-04T07:29:20","date_gmt":"2025-12-04T07:29:20","guid":{"rendered":"https:\/\/torsehoteles.com\/losrobles\/?page_id=1784"},"modified":"2026-04-28T10:39:28","modified_gmt":"2026-04-28T10:39:28","slug":"destino-gandia","status":"publish","type":"page","link":"https:\/\/torsehoteles.com\/losrobles\/destino-gandia\/","title":{"rendered":"Gand\u00eda"},"content":{"rendered":"\t\t<div data-elementor-type=\"wp-page\" data-elementor-id=\"1784\" class=\"elementor elementor-1784\" data-elementor-post-type=\"page\">\n\t\t\t\t<div class=\"elementor-element elementor-element-008ff10 e-flex e-con-boxed e-con e-parent\" data-id=\"008ff10\" data-element_type=\"container\" data-settings=\"{&quot;background_background&quot;:&quot;video&quot;,&quot;background_motion_fx_translateX_effect&quot;:&quot;yes&quot;,&quot;background_motion_fx_translateX_speed&quot;:{&quot;unit&quot;:&quot;px&quot;,&quot;size&quot;:2.600000000000000088817841970012523233890533447265625,&quot;sizes&quot;:[]},&quot;background_video_link&quot;:&quot;https:\\\/\\\/torsehoteles.com\\\/losrobles\\\/wp-content\\\/uploads\\\/2026\\\/02\\\/gandia.mp4&quot;,&quot;background_motion_fx_translateX_affectedRange&quot;:{&quot;unit&quot;:&quot;%&quot;,&quot;size&quot;:&quot;&quot;,&quot;sizes&quot;:{&quot;start&quot;:0,&quot;end&quot;:100}},&quot;background_motion_fx_devices&quot;:[&quot;desktop&quot;,&quot;laptop&quot;,&quot;tablet&quot;,&quot;mobile&quot;]}\">\n\t\t\t\t\t<div class=\"e-con-inner\">\n\t\t<div class=\"elementor-background-video-container elementor-hidden-mobile\" aria-hidden=\"true\">\n\t\t\t\t\t\t\t<video class=\"elementor-background-video-hosted\" autoplay muted playsinline loop><\/video>\n\t\t\t\t\t<\/div><div class=\"elementor-element elementor-element-ba83f6f e-con-full e-flex e-con e-child\" data-id=\"ba83f6f\" data-element_type=\"container\">\n\t\t\t\t<div class=\"elementor-element elementor-element-968d843 elementor-widget elementor-widget-heading\" data-id=\"968d843\" data-element_type=\"widget\" data-widget_type=\"heading.default\">\n\t\t\t\t\t<h1 class=\"elementor-heading-title elementor-size-default\">Gand\u00eda<\/h1>\t\t\t\t<\/div>\n\t\t<div class=\"elementor-element elementor-element-66dcbd6 e-con-full e-flex e-con e-child\" data-id=\"66dcbd6\" data-element_type=\"container\">\n\t\t\t\t<div class=\"elementor-element elementor-element-ac83554 elementor-widget elementor-widget-heading\" data-id=\"ac83554\" data-element_type=\"widget\" data-widget_type=\"heading.default\">\n\t\t\t\t\t<h2 class=\"elementor-heading-title elementor-size-default\">ESPLENDOR MEDITERR\u00c1NEO\n<\/h2>\t\t\t\t<\/div>\n\t\t\t\t<div class=\"elementor-element elementor-element-8d6d65d elementor-widget__width-initial elementor-hidden-mobile elementor-widget elementor-widget-image\" data-id=\"8d6d65d\" data-element_type=\"widget\" data-widget_type=\"image.default\">\n\t\t\t\t\t\t\t\t\t\t\t\t\t\t\t\t<a href=\"#info\">\n\t\t\t\t\t\t\t<img decoding=\"async\" width=\"1\" height=\"1\" src=\"https:\/\/torsehoteles.com\/losrobles\/wp-content\/uploads\/2025\/12\/down.svg\" class=\"attachment-large size-large wp-image-1421\" alt=\"\" \/>\t\t\t\t\t\t\t\t<\/a>\n\t\t\t\t\t\t\t\t\t\t\t\t\t\t\t<\/div>\n\t\t\t\t<\/div>\n\t\t\t\t<div class=\"elementor-element elementor-element-91a25a8 elementor-widget-divider--view-line elementor-widget elementor-widget-divider\" data-id=\"91a25a8\" data-element_type=\"widget\" data-widget_type=\"divider.default\">\n\t\t\t\t\t\t\t<div class=\"elementor-divider\">\n\t\t\t<span class=\"elementor-divider-separator\">\n\t\t\t\t\t\t<\/span>\n\t\t<\/div>\n\t\t\t\t\t\t<\/div>\n\t\t\t\t<\/div>\n\t\t\t\t\t<\/div>\n\t\t\t\t<\/div>\n\t\t<div class=\"elementor-element elementor-element-72773e3 e-con-full e-flex e-con e-parent\" data-id=\"72773e3\" data-element_type=\"container\" id=\"info\" data-settings=\"{&quot;background_background&quot;:&quot;classic&quot;,&quot;background_motion_fx_motion_fx_scrolling&quot;:&quot;yes&quot;,&quot;background_motion_fx_devices&quot;:[&quot;desktop&quot;,&quot;laptop&quot;,&quot;tablet&quot;,&quot;mobile&quot;]}\">\n\t\t<div class=\"elementor-element elementor-element-4f5e4b2 e-con-full e-flex e-con e-child\" data-id=\"4f5e4b2\" data-element_type=\"container\">\n\t\t\t\t<div class=\"elementor-element elementor-element-ba2f897 elementor-widget elementor-widget-text-editor\" data-id=\"ba2f897\" data-element_type=\"widget\" data-widget_type=\"text-editor.default\">\n\t\t\t\t\t\t\t\t\t<p>Gand\u00eda es un\u00a0<strong>destino tur\u00edstico perfecto<\/strong> porque combina playa con espacios naturales y de monta\u00f1a; ocio con cultura, historia y comercio, adem\u00e1s de una variada oferta l\u00fadica en un destino con sellos de calidad y medio ambiente reconocidos.<\/p><p>Gand\u00eda respira cultura, naturaleza, deporte, salud, mar y vida. Abierta y mediterr\u00e1nea, Gand\u00eda ofrece el clima perfecto para disfrutar de actividades al aire libre y descubrir nuevos retos y sensaciones durante todo el a\u00f1o.<\/p><p>En Gand\u00eda puedes disfrutar de una de las\u00a0<strong>mejores ofertas<\/strong>\u00a0culturales, comerciales y gastron\u00f3micas\u00a0<strong>de todo el litoral valenciano<\/strong>. Con un centro hist\u00f3rico totalmente peatonalizado en el que se encuentra una de las joyas patrimoniales de los valencianos: el Palacio Ducal de los Borja. La cultura impregna las calles del centro de la ciudad con una amplia programaci\u00f3n teatral, musical y expositiva. Puedes combinar el mar con la ciudad, el marjal o la monta\u00f1a. Un\u00a0<strong>entorno natural privilegiado<\/strong>\u00a0d\u00f3nde descubrir\u00e1s paisajes y espacios naturales sorprendentes.<\/p><p>La privilegiada geograf\u00eda y la calidez de Gand\u00eda la convierten en un lugar id\u00f3neo para la pr\u00e1ctica deportiva durante los 365 d\u00edas del a\u00f1o, ofreciendo m\u00faltiples posibilidades en lo que se refiere al deporte en lugares que hacen de la experiencia un momento especial.<br \/><a style=\"color: #000; font-weight: 800; text-decoration: underline;\" href=\"https:\/\/www.visitgandia.com\/guides\/imatges\/guias\/2643661e014649bdbd991737120.pdf\" target=\"_blank\" rel=\"noopener noreferrer\"><br \/>Descarga la revista de Turismo Gand\u00eda <\/a>y descubre todas las maravillas de nuestra tierra.<\/p>\t\t\t\t\t\t\t\t<\/div>\n\t\t\t\t<\/div>\n\t\t\t\t<\/div>\n\t\t<div class=\"elementor-element elementor-element-c629d96 hero e-con-full e-flex e-con e-parent\" data-id=\"c629d96\" data-element_type=\"container\" data-settings=\"{&quot;background_background&quot;:&quot;classic&quot;,&quot;background_motion_fx_motion_fx_scrolling&quot;:&quot;yes&quot;,&quot;background_motion_fx_devices&quot;:[&quot;desktop&quot;,&quot;laptop&quot;,&quot;tablet&quot;,&quot;mobile&quot;]}\">\n\t\t<div class=\"elementor-element elementor-element-407ea6c e-con-full e-flex e-con e-child\" data-id=\"407ea6c\" data-element_type=\"container\">\n\t\t\t\t<div class=\"elementor-element elementor-element-0f41161 carousel-mobile-auto-height elementor-pagination-type-bullets elementor-arrows-position-inside elementor-pagination-position-outside elementor-widget elementor-widget-n-carousel\" data-id=\"0f41161\" data-element_type=\"widget\" data-settings=\"{&quot;carousel_items&quot;:[{&quot;slide_title&quot;:&quot;Slide #1&quot;,&quot;_id&quot;:&quot;508926b&quot;},{&quot;slide_title&quot;:&quot;Slide #1&quot;,&quot;_id&quot;:&quot;8511ee4&quot;},{&quot;slide_title&quot;:&quot;Slide #1&quot;,&quot;_id&quot;:&quot;8b7ede5&quot;}],&quot;slides_to_show&quot;:&quot;1&quot;,&quot;slides_to_scroll&quot;:&quot;1&quot;,&quot;image_spacing_custom&quot;:{&quot;unit&quot;:&quot;px&quot;,&quot;size&quot;:20,&quot;sizes&quot;:[]},&quot;slides_to_show_tablet&quot;:&quot;1&quot;,&quot;slides_to_scroll_mobile&quot;:&quot;1&quot;,&quot;slides_to_show_mobile&quot;:&quot;1&quot;,&quot;autoplay&quot;:&quot;yes&quot;,&quot;autoplay_speed&quot;:5000,&quot;pause_on_hover&quot;:&quot;yes&quot;,&quot;pause_on_interaction&quot;:&quot;yes&quot;,&quot;infinite&quot;:&quot;yes&quot;,&quot;speed&quot;:500,&quot;offset_sides&quot;:&quot;none&quot;,&quot;arrows&quot;:&quot;yes&quot;,&quot;pagination&quot;:&quot;bullets&quot;,&quot;image_spacing_custom_laptop&quot;:{&quot;unit&quot;:&quot;px&quot;,&quot;size&quot;:&quot;&quot;,&quot;sizes&quot;:[]},&quot;image_spacing_custom_tablet&quot;:{&quot;unit&quot;:&quot;px&quot;,&quot;size&quot;:&quot;&quot;,&quot;sizes&quot;:[]},&quot;image_spacing_custom_mobile&quot;:{&quot;unit&quot;:&quot;px&quot;,&quot;size&quot;:&quot;&quot;,&quot;sizes&quot;:[]}}\" data-widget_type=\"nested-carousel.default\">\n\t\t\t\t\t\t\t<div class=\"e-n-carousel swiper\" role=\"region\" aria-roledescription=\"carousel\" aria-label=\"Carousel\" dir=\"ltr\">\n\t\t\t<div class=\"swiper-wrapper\" aria-live=\"off\">\n\t\t\t\t\t\t\t\t\t\t<div class=\"swiper-slide\" data-slide=\"1\" role=\"group\" aria-roledescription=\"slide\" aria-label=\"1 of 3\">\n\t\t\t\t\t\t\t<div class=\"elementor-element elementor-element-88a45f4 e-con-full e-flex e-con e-child\" data-id=\"88a45f4\" data-element_type=\"container\" data-settings=\"{&quot;background_background&quot;:&quot;classic&quot;}\">\n\t\t<div class=\"elementor-element elementor-element-1c911ae e-con-full animated-slow e-flex elementor-invisible e-con e-child\" data-id=\"1c911ae\" data-element_type=\"container\" data-settings=\"{&quot;animation&quot;:&quot;fadeIn&quot;}\">\n\t\t\t\t<div class=\"elementor-element elementor-element-129338b elementor-invisible elementor-widget elementor-widget-heading\" data-id=\"129338b\" data-element_type=\"widget\" data-settings=\"{&quot;_animation&quot;:&quot;fadeInUp&quot;}\" data-widget_type=\"heading.default\">\n\t\t\t\t\t<h3 class=\"elementor-heading-title elementor-size-default\">MUSEOS Y PATRIMONIO<\/h3>\t\t\t\t<\/div>\n\t\t\t\t<div class=\"elementor-element elementor-element-fa4dd66 elementor-widget-divider--view-line elementor-widget elementor-widget-divider\" data-id=\"fa4dd66\" data-element_type=\"widget\" data-widget_type=\"divider.default\">\n\t\t\t\t\t\t\t<div class=\"elementor-divider\">\n\t\t\t<span class=\"elementor-divider-separator\">\n\t\t\t\t\t\t<\/span>\n\t\t<\/div>\n\t\t\t\t\t\t<\/div>\n\t\t\t\t<div class=\"elementor-element elementor-element-df23cfc elementor-widget__width-initial elementor-widget elementor-widget-text-editor\" data-id=\"df23cfc\" data-element_type=\"widget\" data-widget_type=\"text-editor.default\">\n\t\t\t\t\t\t\t\t\t<p>\u2022 Palacio Ducal<\/p><p>\u2022 Museo Fallero<\/p><p>\u2022 Museo del Mar<\/p><p>\u2022 Museo Arqueol\u00f3gico<\/p><p>\u2022 Castillo de Bair\u00e9n<\/p><p>\u2022 Cova del Parpall\u00f3<\/p>\t\t\t\t\t\t\t\t<\/div>\n\t\t\t\t<\/div>\n\t\t<div class=\"elementor-element elementor-element-f150545 e-con-full e-flex e-con e-child\" data-id=\"f150545\" data-element_type=\"container\" data-settings=\"{&quot;background_background&quot;:&quot;classic&quot;}\">\n\t\t\t\t<\/div>\n\t\t\t\t<\/div>\n\t\t\t\t\t\t\t\t<\/div>\n\t\t\t\t\t\t\t\t\t\t\t<div class=\"swiper-slide\" data-slide=\"2\" role=\"group\" aria-roledescription=\"slide\" aria-label=\"2 of 3\">\n\t\t\t\t\t\t\t<div class=\"elementor-element elementor-element-d8914d7 e-con-full e-flex e-con e-child\" data-id=\"d8914d7\" data-element_type=\"container\" data-settings=\"{&quot;background_background&quot;:&quot;classic&quot;}\">\n\t\t<div class=\"elementor-element elementor-element-525bb5c e-con-full animated-slow e-flex elementor-invisible e-con e-child\" data-id=\"525bb5c\" data-element_type=\"container\" data-settings=\"{&quot;animation&quot;:&quot;fadeIn&quot;}\">\n\t\t\t\t<div class=\"elementor-element elementor-element-f0420b8 elementor-invisible elementor-widget elementor-widget-heading\" data-id=\"f0420b8\" data-element_type=\"widget\" data-settings=\"{&quot;_animation&quot;:&quot;fadeInUp&quot;}\" data-widget_type=\"heading.default\">\n\t\t\t\t\t<h3 class=\"elementor-heading-title elementor-size-default\">RUTAS CULTURALES<\/h3>\t\t\t\t<\/div>\n\t\t\t\t<div class=\"elementor-element elementor-element-1d3a294 elementor-widget-divider--view-line elementor-widget elementor-widget-divider\" data-id=\"1d3a294\" data-element_type=\"widget\" data-widget_type=\"divider.default\">\n\t\t\t\t\t\t\t<div class=\"elementor-divider\">\n\t\t\t<span class=\"elementor-divider-separator\">\n\t\t\t\t\t\t<\/span>\n\t\t<\/div>\n\t\t\t\t\t\t<\/div>\n\t\t\t\t<div class=\"elementor-element elementor-element-89200c2 elementor-widget__width-initial elementor-widget elementor-widget-text-editor\" data-id=\"89200c2\" data-element_type=\"widget\" data-widget_type=\"text-editor.default\">\n\t\t\t\t\t\t\t\t\t<p>\u2022 Ruta de los monasterios<\/p><p>\u2022 Ruta ecotur\u00edstica de San Jer\u00f3nimo de Cotalba<\/p><p>\u2022 Santa Mar\u00eda de la Valldigna<\/p><p>\u2022 Tinglados del puerto y lonja del pescado<\/p>\t\t\t\t\t\t\t\t<\/div>\n\t\t\t\t<\/div>\n\t\t<div class=\"elementor-element elementor-element-0d9e539 e-con-full e-flex e-con e-child\" data-id=\"0d9e539\" data-element_type=\"container\" data-settings=\"{&quot;background_background&quot;:&quot;classic&quot;}\">\n\t\t\t\t<\/div>\n\t\t\t\t<\/div>\n\t\t\t\t\t\t\t\t<\/div>\n\t\t\t\t\t\t\t\t\t\t\t<div class=\"swiper-slide\" data-slide=\"3\" role=\"group\" aria-roledescription=\"slide\" aria-label=\"3 of 3\">\n\t\t\t\t\t\t\t<div class=\"elementor-element elementor-element-6ecfc75 e-con-full e-flex e-con e-child\" data-id=\"6ecfc75\" data-element_type=\"container\" data-settings=\"{&quot;background_background&quot;:&quot;classic&quot;}\">\n\t\t<div class=\"elementor-element elementor-element-edf5c0c e-con-full animated-slow e-flex elementor-invisible e-con e-child\" data-id=\"edf5c0c\" data-element_type=\"container\" data-settings=\"{&quot;animation&quot;:&quot;fadeIn&quot;}\">\n\t\t\t\t<div class=\"elementor-element elementor-element-d949716 elementor-invisible elementor-widget elementor-widget-heading\" data-id=\"d949716\" data-element_type=\"widget\" data-settings=\"{&quot;_animation&quot;:&quot;fadeInUp&quot;}\" data-widget_type=\"heading.default\">\n\t\t\t\t\t<h3 class=\"elementor-heading-title elementor-size-default\">RUTAS NATURALES\n<\/h3>\t\t\t\t<\/div>\n\t\t\t\t<div class=\"elementor-element elementor-element-6678676 elementor-widget-divider--view-line elementor-widget elementor-widget-divider\" data-id=\"6678676\" data-element_type=\"widget\" data-widget_type=\"divider.default\">\n\t\t\t\t\t\t\t<div class=\"elementor-divider\">\n\t\t\t<span class=\"elementor-divider-separator\">\n\t\t\t\t\t\t<\/span>\n\t\t<\/div>\n\t\t\t\t\t\t<\/div>\n\t\t\t\t<div class=\"elementor-element elementor-element-39aa546 elementor-widget__width-initial elementor-widget elementor-widget-text-editor\" data-id=\"39aa546\" data-element_type=\"widget\" data-widget_type=\"text-editor.default\">\n\t\t\t\t\t\t\t\t\t<p>\u2022 Sendas de monta\u00f1a y costeras<\/p><p>\u2022 Alquer\u00eda del Duc<\/p><p>\u2022 Senda antiguo cauce del Ferrocarril de Alcoy<\/p><p>\u2022 Senda del Portalet<\/p><p>\u2022 Paraje natural Parpall\u00f3<\/p>\t\t\t\t\t\t\t\t<\/div>\n\t\t\t\t<\/div>\n\t\t<div class=\"elementor-element elementor-element-28215f4 e-con-full e-flex e-con e-child\" data-id=\"28215f4\" data-element_type=\"container\" data-settings=\"{&quot;background_background&quot;:&quot;classic&quot;}\">\n\t\t\t\t<\/div>\n\t\t\t\t<\/div>\n\t\t\t\t\t\t\t\t<\/div>\n\t\t\t\t\t\t\t\t<\/div>\n\t\t<\/div>\n\t\t\t\t\t<div class=\"elementor-swiper-button elementor-swiper-button-prev\" role=\"button\" tabindex=\"0\" aria-label=\"Previous\">\n\t\t\t\t<svg xmlns=\"http:\/\/www.w3.org\/2000\/svg\" id=\"Capa_1\" viewBox=\"0 0 398.2 800\"><defs><style>      .st0 {        fill: #c75c45;      }    <\/style><\/defs><g id=\"Capa_2\"><g id=\"Capa_1-2\"><g id=\"Group_65\"><path id=\"Path_57\" class=\"st0\" d=\"M382.4,0c8.7,0,15.8,7.1,15.8,15.8,0,4.2-1.7,8.2-4.6,11.2L39.4,381.2c-10.3,10.4-10.3,27.2,0,37.6l354.1,354.2c6.1,6.3,6,16.3-.3,22.4-6.1,6-15.9,6-22.1,0L17,441.2c-22.7-22.8-22.7-59.6,0-82.4L371.2,4.6C374.1,1.7,378.2,0,382.4,0Z\"><\/path><\/g><\/g><\/g><\/svg>\t\t\t<\/div>\n\t\t\t<div class=\"elementor-swiper-button elementor-swiper-button-next\" role=\"button\" tabindex=\"0\" aria-label=\"Next\">\n\t\t\t\t<svg xmlns=\"http:\/\/www.w3.org\/2000\/svg\" id=\"Capa_1\" viewBox=\"0 0 398.2 800\"><defs><style>      .st0 {        fill: #c75c45;      }    <\/style><\/defs><g id=\"Capa_2\"><g id=\"Capa_1-2\"><g id=\"Group_65\"><path id=\"Path_57\" class=\"st0\" d=\"M15.8,799.9c-8.7,0-15.8-7.1-15.8-15.8,0-4.2,1.7-8.2,4.6-11.2l354.1-354.2c10.3-10.4,10.3-27.2,0-37.6L4.6,26.9C-1.5,20.6-1.4,10.6,4.9,4.5c6.1-6,15.9-6,22.1,0l354.2,354.2c22.7,22.8,22.7,59.6,0,82.4L27,795.2c-3,3-7,4.6-11.2,4.6Z\"><\/path><\/g><\/g><\/g><\/svg>\t\t\t<\/div>\n\t\t\t\t\t<div class=\"swiper-pagination\"><\/div>\n\t\t\t\t\t\t<\/div>\n\t\t\t\t<\/div>\n\t\t\t\t<\/div>\n\t\t<div class=\"elementor-element elementor-element-85f44d2 e-flex e-con-boxed e-con e-parent\" data-id=\"85f44d2\" data-element_type=\"container\" data-settings=\"{&quot;background_motion_fx_devices&quot;:[&quot;desktop&quot;,&quot;laptop&quot;,&quot;tablet&quot;,&quot;mobile&quot;]}\">\n\t\t\t\t\t<div class=\"e-con-inner\">\n\t\t\t\t<div class=\"elementor-element elementor-element-95785eb elementor--h-position-left elementor--v-position-bottom elementor-widget__width-inherit elementor-widget elementor-widget-slides\" data-id=\"95785eb\" data-element_type=\"widget\" data-settings=\"{&quot;navigation&quot;:&quot;none&quot;,&quot;autoplay_speed&quot;:4000,&quot;transition&quot;:&quot;fade&quot;,&quot;autoplay&quot;:&quot;yes&quot;,&quot;infinite&quot;:&quot;yes&quot;,&quot;transition_speed&quot;:500}\" data-widget_type=\"slides.default\">\n\t\t\t\t\t\t\t\t\t\t<div class=\"elementor-slides-wrapper elementor-main-swiper swiper\" role=\"region\" aria-roledescription=\"carousel\" aria-label=\"Slides\" dir=\"ltr\" data-animation=\"fadeInUp\">\n\t\t\t\t<div class=\"swiper-wrapper elementor-slides\">\n\t\t\t\t\t\t\t\t\t\t<div class=\"elementor-repeater-item-3ca0a7c swiper-slide\" role=\"group\" aria-roledescription=\"slide\"><div class=\"swiper-slide-bg elementor-ken-burns elementor-ken-burns--in\" role=\"img\" aria-label=\"Gandia-beach-1920x1080\"><\/div><div class=\"elementor-background-overlay\"><\/div><div class=\"swiper-slide-inner\" ><div class=\"swiper-slide-contents\"><h2 class=\"elementor-slide-heading\">Playa Nord Gand\u00eda<\/h2><\/div><\/div><\/div><div class=\"elementor-repeater-item-1a9a0d6 swiper-slide\" role=\"group\" aria-roledescription=\"slide\"><div class=\"swiper-slide-bg elementor-ken-burns elementor-ken-burns--in\" role=\"img\" aria-label=\"BenQ Digital Camera\"><\/div><div class=\"elementor-background-overlay\"><\/div><div class=\"swiper-slide-inner\" ><div class=\"swiper-slide-contents\"><h2 class=\"elementor-slide-heading\">Museo Arqueol\u00f3gico de Gand\u00eda<\/h2><\/div><\/div><\/div><div class=\"elementor-repeater-item-6e896ee swiper-slide\" role=\"group\" aria-roledescription=\"slide\"><div class=\"swiper-slide-bg elementor-ken-burns elementor-ken-burns--in\" role=\"img\" aria-label=\"Frances_090607__L2W2729\"><\/div><div class=\"elementor-background-overlay\"><\/div><div class=\"swiper-slide-inner\" ><div class=\"swiper-slide-contents\"><h2 class=\"elementor-slide-heading\">Playa de L\u00b4ahuir<\/h2><\/div><\/div><\/div><div class=\"elementor-repeater-item-9724ead swiper-slide\" role=\"group\" aria-roledescription=\"slide\"><div class=\"swiper-slide-bg elementor-ken-burns elementor-ken-burns--in\" role=\"img\" aria-label=\"Fira_03\"><\/div><div class=\"elementor-background-overlay\"><\/div><div class=\"swiper-slide-inner\" ><div class=\"swiper-slide-contents\"><h2 class=\"elementor-slide-heading\">Fiestas<\/h2><\/div><\/div><\/div><div class=\"elementor-repeater-item-878c5bb swiper-slide\" role=\"group\" aria-roledescription=\"slide\"><div class=\"swiper-slide-bg elementor-ken-burns elementor-ken-burns--in\" role=\"img\" aria-label=\"Palacio-1-1920x1080\"><\/div><div class=\"elementor-background-overlay\"><\/div><div class=\"swiper-slide-inner\" ><div class=\"swiper-slide-contents\"><h2 class=\"elementor-slide-heading\">Palacio Ducal de Gand\u00eda<\/h2><\/div><\/div><\/div><div class=\"elementor-repeater-item-5270ec2 swiper-slide\" role=\"group\" aria-roledescription=\"slide\"><div class=\"swiper-slide-bg elementor-ken-burns elementor-ken-burns--in\" role=\"img\" aria-label=\"ireyplaya-1920x1080\"><\/div><div class=\"elementor-background-overlay\"><\/div><div class=\"swiper-slide-inner\" ><div class=\"swiper-slide-contents\"><h2 class=\"elementor-slide-heading\">Paseo Mar\u00edtimo<\/h2><\/div><\/div><\/div><div class=\"elementor-repeater-item-1589c90 swiper-slide\" role=\"group\" aria-roledescription=\"slide\"><div class=\"swiper-slide-bg elementor-ken-burns elementor-ken-burns--in\" role=\"img\" aria-label=\"9425607d46e6efeff318789536\"><\/div><div class=\"elementor-background-overlay\"><\/div><div class=\"swiper-slide-inner\" ><div class=\"swiper-slide-contents\"><h2 class=\"elementor-slide-heading\">Tinglados del puerto<\/h2><\/div><\/div><\/div>\t\t\t\t<\/div>\n\t\t\t\t\t\t\t\t\t\t\t\t\t\t\t\t\t\t\t\t\t<\/div>\n\t\t\t\t\t\t\t\t<\/div>\n\t\t\t\t\t<\/div>\n\t\t\t\t<\/div>\n\t\t\t\t<\/div>\n\t\t","protected":false},"excerpt":{"rendered":"<p>Gand\u00eda ESPLENDOR MEDITERR\u00c1NEO Gand\u00eda es un\u00a0destino tur\u00edstico perfecto porque combina playa con espacios naturales y de monta\u00f1a; ocio con cultura, historia y comercio, adem\u00e1s de una variada oferta l\u00fadica en un destino con sellos de calidad y medio ambiente reconocidos. Gand\u00eda respira cultura, naturaleza, deporte, salud, mar y vida. Abierta y mediterr\u00e1nea, Gand\u00eda ofrece el [&hellip;]<\/p>\n","protected":false},"author":1,"featured_media":0,"parent":0,"menu_order":0,"comment_status":"closed","ping_status":"closed","template":"","meta":{"footnotes":""},"class_list":["post-1784","page","type-page","status-publish","hentry"],"_links":{"self":[{"href":"https:\/\/torsehoteles.com\/losrobles\/wp-json\/wp\/v2\/pages\/1784","targetHints":{"allow":["GET"]}}],"collection":[{"href":"https:\/\/torsehoteles.com\/losrobles\/wp-json\/wp\/v2\/pages"}],"about":[{"href":"https:\/\/torsehoteles.com\/losrobles\/wp-json\/wp\/v2\/types\/page"}],"author":[{"embeddable":true,"href":"https:\/\/torsehoteles.com\/losrobles\/wp-json\/wp\/v2\/users\/1"}],"replies":[{"embeddable":true,"href":"https:\/\/torsehoteles.com\/losrobles\/wp-json\/wp\/v2\/comments?post=1784"}],"version-history":[{"count":79,"href":"https:\/\/torsehoteles.com\/losrobles\/wp-json\/wp\/v2\/pages\/1784\/revisions"}],"predecessor-version":[{"id":4443,"href":"https:\/\/torsehoteles.com\/losrobles\/wp-json\/wp\/v2\/pages\/1784\/revisions\/4443"}],"wp:attachment":[{"href":"https:\/\/torsehoteles.com\/losrobles\/wp-json\/wp\/v2\/media?parent=1784"}],"curies":[{"name":"wp","href":"https:\/\/api.w.org\/{rel}","templated":true}]}}