{"id":1302,"date":"2025-12-01T13:02:48","date_gmt":"2025-12-01T13:02:48","guid":{"rendered":"https:\/\/torsehoteles.com\/losrobles\/?page_id=1302"},"modified":"2026-04-28T10:40:32","modified_gmt":"2026-04-28T10:40:32","slug":"restauracion","status":"publish","type":"page","link":"https:\/\/torsehoteles.com\/losrobles\/restauracion\/","title":{"rendered":"Restauraci\u00f3n"},"content":{"rendered":"\t\t<div data-elementor-type=\"wp-page\" data-elementor-id=\"1302\" class=\"elementor elementor-1302\" data-elementor-post-type=\"page\">\n\t\t\t\t<div class=\"elementor-element elementor-element-008ff10 e-flex e-con-boxed e-con e-parent\" data-id=\"008ff10\" data-element_type=\"container\" data-e-type=\"container\" data-settings=\"{&quot;background_background&quot;:&quot;classic&quot;,&quot;background_motion_fx_motion_fx_scrolling&quot;:&quot;yes&quot;,&quot;background_motion_fx_translateX_effect&quot;:&quot;yes&quot;,&quot;background_motion_fx_translateX_speed&quot;:{&quot;unit&quot;:&quot;px&quot;,&quot;size&quot;:2.600000000000000088817841970012523233890533447265625,&quot;sizes&quot;:[]},&quot;background_motion_fx_translateX_affectedRange&quot;:{&quot;unit&quot;:&quot;%&quot;,&quot;size&quot;:&quot;&quot;,&quot;sizes&quot;:{&quot;start&quot;:0,&quot;end&quot;:100}},&quot;background_motion_fx_devices&quot;:[&quot;desktop&quot;,&quot;laptop&quot;,&quot;tablet&quot;,&quot;mobile&quot;]}\">\n\t\t\t\t\t<div class=\"e-con-inner\">\n\t\t<div class=\"elementor-element elementor-element-ba83f6f e-con-full e-flex e-con e-child\" data-id=\"ba83f6f\" data-element_type=\"container\" data-e-type=\"container\">\n\t\t\t\t<div class=\"elementor-element elementor-element-968d843 elementor-widget elementor-widget-heading\" data-id=\"968d843\" data-element_type=\"widget\" data-e-type=\"widget\" data-widget_type=\"heading.default\">\n\t\t\t\t\t<h1 class=\"elementor-heading-title elementor-size-default\">Restaurante<\/h1>\t\t\t\t<\/div>\n\t\t<div class=\"elementor-element elementor-element-66dcbd6 e-con-full e-flex e-con e-child\" data-id=\"66dcbd6\" data-element_type=\"container\" data-e-type=\"container\">\n\t\t\t\t<div class=\"elementor-element elementor-element-ac83554 elementor-widget elementor-widget-heading\" data-id=\"ac83554\" data-element_type=\"widget\" data-e-type=\"widget\" data-widget_type=\"heading.default\">\n\t\t\t\t\t<h2 class=\"elementor-heading-title elementor-size-default\">PIDE POR ESA BOCA<\/h2>\t\t\t\t<\/div>\n\t\t\t\t<div class=\"elementor-element elementor-element-8d6d65d elementor-widget__width-initial elementor-hidden-mobile elementor-widget elementor-widget-image\" data-id=\"8d6d65d\" data-element_type=\"widget\" data-e-type=\"widget\" data-widget_type=\"image.default\">\n\t\t\t\t\t\t\t\t\t\t\t\t\t\t\t\t<a href=\"#bajar\">\n\t\t\t\t\t\t\t<img decoding=\"async\" width=\"1\" height=\"1\" src=\"https:\/\/torsehoteles.com\/losrobles\/wp-content\/uploads\/2025\/12\/down.svg\" class=\"attachment-large size-large wp-image-1421\" alt=\"\" \/>\t\t\t\t\t\t\t\t<\/a>\n\t\t\t\t\t\t\t\t\t\t\t\t\t\t\t<\/div>\n\t\t\t\t<\/div>\n\t\t\t\t<div class=\"elementor-element elementor-element-91a25a8 elementor-widget-divider--view-line elementor-widget elementor-widget-divider\" data-id=\"91a25a8\" data-element_type=\"widget\" data-e-type=\"widget\" data-widget_type=\"divider.default\">\n\t\t\t\t\t\t\t<div class=\"elementor-divider\">\n\t\t\t<span class=\"elementor-divider-separator\">\n\t\t\t\t\t\t<\/span>\n\t\t<\/div>\n\t\t\t\t\t\t<\/div>\n\t\t\t\t<\/div>\n\t\t\t\t\t<\/div>\n\t\t\t\t<\/div>\n\t\t<div class=\"elementor-element elementor-element-72773e3 e-con-full e-flex e-con e-parent\" data-id=\"72773e3\" data-element_type=\"container\" data-e-type=\"container\" id=\"bajar\" data-settings=\"{&quot;background_background&quot;:&quot;classic&quot;,&quot;background_motion_fx_motion_fx_scrolling&quot;:&quot;yes&quot;,&quot;background_motion_fx_devices&quot;:[&quot;desktop&quot;,&quot;laptop&quot;,&quot;tablet&quot;,&quot;mobile&quot;]}\">\n\t\t<div class=\"elementor-element elementor-element-4f5e4b2 e-con-full e-flex e-con e-child\" data-id=\"4f5e4b2\" data-element_type=\"container\" data-e-type=\"container\">\n\t\t<div class=\"elementor-element elementor-element-5b57b3f e-con-full e-flex e-con e-child\" data-id=\"5b57b3f\" data-element_type=\"container\" data-e-type=\"container\">\n\t\t\t\t<div class=\"elementor-element elementor-element-bb92bbb elementor-invisible elementor-widget elementor-widget-heading\" data-id=\"bb92bbb\" data-element_type=\"widget\" data-e-type=\"widget\" data-settings=\"{&quot;_animation&quot;:&quot;fadeInUp&quot;}\" data-widget_type=\"heading.default\">\n\t\t\t\t\t<h3 class=\"elementor-heading-title elementor-size-default\">NUESTROS RESTAURANTES\n<\/h3>\t\t\t\t<\/div>\n\t\t\t\t<div class=\"elementor-element elementor-element-ba2f897 elementor-widget elementor-widget-text-editor\" data-id=\"ba2f897\" data-element_type=\"widget\" data-e-type=\"widget\" data-widget_type=\"text-editor.default\">\n\t\t\t\t\t\t\t\t\t<p>El Restaurante del Hotel Los Robles, recientemente reformado y de estilo moderno, cuenta con vistas a nuestra piscina y jardines. El Restaurante ofrece un\u00a0<strong>servicio buffet con cocina en vivo\u00a0<\/strong>y una amplia variedad de platos elaborados con productos locales y de Km0 que hacen las delicias de los paladares m\u00e1s exigentes o servicio men\u00fa, seg\u00fan la ocupaci\u00f3n del Hotel.<\/p><p>En nuestro comedor, podr\u00e1n degustar los m\u00e1s completos y variados desayunos; as\u00ed como sabrosas comidas y cenas siempre basadas en una cocina de mercado, los\u00a0<strong>sabores tradicionalmente mediterr\u00e1neos<\/strong>\u00a0y el gusto por los\u00a0<strong>guisos con alma<\/strong>. La saludable sencillez del buen producto hecho a la plancha en vivo o nuestros afamados arroces diarios te recordar\u00e1n que nuestro destino adem\u00e1s del mar y el descanso, es la huerta valenciana. Un viaje al\u00a0<strong>esplendor mediterr\u00e1neo<\/strong>\u00a0en tu paladar.<\/p>\t\t\t\t\t\t\t\t<\/div>\n\t\t\t\t<\/div>\n\t\t<div class=\"elementor-element elementor-element-9142be6 e-con-full e-flex elementor-invisible e-con e-child\" data-id=\"9142be6\" data-element_type=\"container\" data-e-type=\"container\" data-settings=\"{&quot;background_background&quot;:&quot;classic&quot;,&quot;animation&quot;:&quot;fadeIn&quot;}\">\n\t\t<div class=\"elementor-element elementor-element-bada78b e-con-full e-flex elementor-invisible e-con e-child\" data-id=\"bada78b\" data-element_type=\"container\" data-e-type=\"container\" data-settings=\"{&quot;background_background&quot;:&quot;classic&quot;,&quot;animation&quot;:&quot;fadeIn&quot;}\">\n\t\t\t\t<\/div>\n\t\t<div class=\"elementor-element elementor-element-d0bf7d1 e-con-full e-flex elementor-invisible e-con e-child\" data-id=\"d0bf7d1\" data-element_type=\"container\" data-e-type=\"container\" data-settings=\"{&quot;background_background&quot;:&quot;classic&quot;,&quot;animation&quot;:&quot;fadeIn&quot;}\">\n\t\t\t\t<\/div>\n\t\t\t\t<\/div>\n\t\t\t\t<\/div>\n\t\t\t\t<\/div>\n\t\t<div class=\"elementor-element elementor-element-bc4d3cc e-con-full e-flex e-con e-parent\" data-id=\"bc4d3cc\" data-element_type=\"container\" data-e-type=\"container\" data-settings=\"{&quot;background_background&quot;:&quot;classic&quot;,&quot;background_motion_fx_motion_fx_scrolling&quot;:&quot;yes&quot;,&quot;background_motion_fx_devices&quot;:[&quot;desktop&quot;,&quot;laptop&quot;,&quot;tablet&quot;,&quot;mobile&quot;]}\">\n\t\t<div class=\"elementor-element elementor-element-6a89eae e-con-full e-flex e-con e-child\" data-id=\"6a89eae\" data-element_type=\"container\" data-e-type=\"container\">\n\t\t<div class=\"elementor-element elementor-element-27b118a e-con-full e-flex elementor-invisible e-con e-child\" data-id=\"27b118a\" data-element_type=\"container\" data-e-type=\"container\" data-settings=\"{&quot;background_background&quot;:&quot;classic&quot;,&quot;animation&quot;:&quot;fadeIn&quot;}\">\n\t\t\t\t<\/div>\n\t\t<div class=\"elementor-element elementor-element-9c5f27c e-con-full e-flex e-con e-child\" data-id=\"9c5f27c\" data-element_type=\"container\" data-e-type=\"container\">\n\t\t\t\t<div class=\"elementor-element elementor-element-7228b60 elementor-invisible elementor-widget elementor-widget-heading\" data-id=\"7228b60\" data-element_type=\"widget\" data-e-type=\"widget\" data-settings=\"{&quot;_animation&quot;:&quot;fadeInUp&quot;}\" data-widget_type=\"heading.default\">\n\t\t\t\t\t<h3 class=\"elementor-heading-title elementor-size-default\">LOBBY BAR<\/h3>\t\t\t\t<\/div>\n\t\t\t\t<div class=\"elementor-element elementor-element-b43b4a4 elementor-widget elementor-widget-text-editor\" data-id=\"b43b4a4\" data-element_type=\"widget\" data-e-type=\"widget\" data-widget_type=\"text-editor.default\">\n\t\t\t\t\t\t\t\t\t<p>Las terrazas de la cafeter\u00eda\u00a0<strong>Lobby Bar<\/strong>\u00a0del Hotel Los Robles invitan al disfrute y al relax. Es el lugar id\u00f3neo donde disfrutar de una consumici\u00f3n. Desde un primer\u00a0<strong>caf\u00e9<\/strong>\u00a0con la prensa diaria, pasando por un\u00a0<strong>aperitivo<\/strong>\u00a0a media ma\u00f1ana; la copa y la tertulia tras comer en el restaurante; una merienda a media tarde o degustar la mejor\u00a0<strong>cocteler\u00eda<\/strong>\u00a0bajo la luna veraniega durante nuestras noches de m\u00fasica en vivo seg\u00fan temporada\u2026. Todo ello, al tiempo que disfrutas de las animadas vistas de la piscina y los jardines, convierte a nuestra terraza del Lobby Bar, sin duda, en el mejor lugar de encuentro a cualquier hora del d\u00eda.<\/p>\t\t\t\t\t\t\t\t<\/div>\n\t\t\t\t<\/div>\n\t\t\t\t<\/div>\n\t\t\t\t<\/div>\n\t\t<div class=\"elementor-element elementor-element-c91891b e-con-full e-flex e-con e-parent\" data-id=\"c91891b\" data-element_type=\"container\" data-e-type=\"container\" data-settings=\"{&quot;background_background&quot;:&quot;classic&quot;,&quot;background_motion_fx_motion_fx_scrolling&quot;:&quot;yes&quot;,&quot;background_motion_fx_devices&quot;:[&quot;desktop&quot;,&quot;laptop&quot;,&quot;tablet&quot;,&quot;mobile&quot;]}\">\n\t\t<div class=\"elementor-element elementor-element-f534c64 e-con-full e-flex e-con e-child\" data-id=\"f534c64\" data-element_type=\"container\" data-e-type=\"container\">\n\t\t<div class=\"elementor-element elementor-element-5e261e6 e-con-full e-flex e-con e-child\" data-id=\"5e261e6\" data-element_type=\"container\" data-e-type=\"container\">\n\t\t\t\t<div class=\"elementor-element elementor-element-70a7e01 elementor-invisible elementor-widget elementor-widget-heading\" data-id=\"70a7e01\" data-element_type=\"widget\" data-e-type=\"widget\" data-settings=\"{&quot;_animation&quot;:&quot;fadeInUp&quot;}\" data-widget_type=\"heading.default\">\n\t\t\t\t\t<h3 class=\"elementor-heading-title elementor-size-default\">POOL BAR\n<\/h3>\t\t\t\t<\/div>\n\t\t\t\t<div class=\"elementor-element elementor-element-bf98bce elementor-widget elementor-widget-text-editor\" data-id=\"bf98bce\" data-element_type=\"widget\" data-e-type=\"widget\" data-widget_type=\"text-editor.default\">\n\t\t\t\t\t\t\t\t\t<p>Durante los meses de verano, nuestra piscina dispone de un coqueto\u00a0<strong>Pool Bar<\/strong>\u00a0que da servicio al sol\u00e1rium de\u00a0<strong>hamacas<\/strong>\u00a0as\u00ed como a su propia terraza entre nuestras arboledas y toldos. Sin duda, pocas cosas\u00a0<strong>refrescan<\/strong>\u00a0tanto como una bebida \u00ab<strong>on the rocks<\/strong>\u00bb en la piscina bajo la informalidad de un biquini, el chapoteo del agua y una suave m\u00fasica veraniega mientras te<strong>\u00a0bronceas<\/strong>.<\/p>\t\t\t\t\t\t\t\t<\/div>\n\t\t\t\t<\/div>\n\t\t<div class=\"elementor-element elementor-element-544b93f e-con-full e-flex elementor-invisible e-con e-child\" data-id=\"544b93f\" data-element_type=\"container\" data-e-type=\"container\" data-settings=\"{&quot;background_background&quot;:&quot;classic&quot;,&quot;animation&quot;:&quot;fadeIn&quot;}\">\n\t\t\t\t<\/div>\n\t\t\t\t<\/div>\n\t\t\t\t<\/div>\n\t\t<div class=\"elementor-element elementor-element-85f44d2 e-flex e-con-boxed e-con e-parent\" data-id=\"85f44d2\" data-element_type=\"container\" data-e-type=\"container\" data-settings=\"{&quot;background_background&quot;:&quot;classic&quot;,&quot;background_motion_fx_motion_fx_scrolling&quot;:&quot;yes&quot;,&quot;background_motion_fx_translateX_effect&quot;:&quot;yes&quot;,&quot;background_motion_fx_translateX_speed&quot;:{&quot;unit&quot;:&quot;px&quot;,&quot;size&quot;:2.600000000000000088817841970012523233890533447265625,&quot;sizes&quot;:[]},&quot;background_motion_fx_translateX_affectedRange&quot;:{&quot;unit&quot;:&quot;%&quot;,&quot;size&quot;:&quot;&quot;,&quot;sizes&quot;:{&quot;start&quot;:0,&quot;end&quot;:100}},&quot;background_motion_fx_devices&quot;:[&quot;desktop&quot;,&quot;laptop&quot;,&quot;tablet&quot;,&quot;mobile&quot;]}\">\n\t\t\t\t\t<div class=\"e-con-inner\">\n\t\t<div class=\"elementor-element elementor-element-83ef59b e-con-full e-flex e-con e-child\" data-id=\"83ef59b\" data-element_type=\"container\" data-e-type=\"container\">\n\t\t\t\t<div class=\"elementor-element elementor-element-9317f1f elementor-widget elementor-widget-heading\" data-id=\"9317f1f\" data-element_type=\"widget\" data-e-type=\"widget\" data-widget_type=\"heading.default\">\n\t\t\t\t\t<h2 class=\"elementor-heading-title elementor-size-default\">Una estancia inolvidable<\/h2>\t\t\t\t<\/div>\n\t\t<div class=\"elementor-element elementor-element-0c1ef78 e-con-full e-flex e-con e-child\" data-id=\"0c1ef78\" data-element_type=\"container\" data-e-type=\"container\">\n\t\t\t\t<div class=\"elementor-element elementor-element-127be15 elementor-widget elementor-widget-heading\" data-id=\"127be15\" data-element_type=\"widget\" data-e-type=\"widget\" data-widget_type=\"heading.default\">\n\t\t\t\t\t<h3 class=\"elementor-heading-title elementor-size-default\">RESERVA AHORA\n<\/h3>\t\t\t\t<\/div>\n\t\t\t\t<div class=\"elementor-element elementor-element-7f48090 e-transform e-transform elementor-widget elementor-widget-button\" data-id=\"7f48090\" data-element_type=\"widget\" data-e-type=\"widget\" data-settings=\"{&quot;_transform_translateY_effect_hover&quot;:{&quot;unit&quot;:&quot;px&quot;,&quot;size&quot;:-5,&quot;sizes&quot;:[]},&quot;_transform_scale_effect_hover&quot;:{&quot;unit&quot;:&quot;px&quot;,&quot;size&quot;:1.0100000000000000088817841970012523233890533447265625,&quot;sizes&quot;:[]},&quot;_transform_translateX_effect_hover&quot;:{&quot;unit&quot;:&quot;px&quot;,&quot;size&quot;:&quot;&quot;,&quot;sizes&quot;:[]},&quot;_transform_translateX_effect_hover_laptop&quot;:{&quot;unit&quot;:&quot;px&quot;,&quot;size&quot;:&quot;&quot;,&quot;sizes&quot;:[]},&quot;_transform_translateX_effect_hover_tablet&quot;:{&quot;unit&quot;:&quot;px&quot;,&quot;size&quot;:&quot;&quot;,&quot;sizes&quot;:[]},&quot;_transform_translateX_effect_hover_mobile&quot;:{&quot;unit&quot;:&quot;px&quot;,&quot;size&quot;:&quot;&quot;,&quot;sizes&quot;:[]},&quot;_transform_translateY_effect_hover_laptop&quot;:{&quot;unit&quot;:&quot;px&quot;,&quot;size&quot;:&quot;&quot;,&quot;sizes&quot;:[]},&quot;_transform_translateY_effect_hover_tablet&quot;:{&quot;unit&quot;:&quot;px&quot;,&quot;size&quot;:&quot;&quot;,&quot;sizes&quot;:[]},&quot;_transform_translateY_effect_hover_mobile&quot;:{&quot;unit&quot;:&quot;px&quot;,&quot;size&quot;:&quot;&quot;,&quot;sizes&quot;:[]},&quot;_transform_scale_effect_hover_laptop&quot;:{&quot;unit&quot;:&quot;px&quot;,&quot;size&quot;:&quot;&quot;,&quot;sizes&quot;:[]},&quot;_transform_scale_effect_hover_tablet&quot;:{&quot;unit&quot;:&quot;px&quot;,&quot;size&quot;:&quot;&quot;,&quot;sizes&quot;:[]},&quot;_transform_scale_effect_hover_mobile&quot;:{&quot;unit&quot;:&quot;px&quot;,&quot;size&quot;:&quot;&quot;,&quot;sizes&quot;:[]}}\" data-widget_type=\"button.default\">\n\t\t\t\t\t\t\t\t\t\t<a class=\"elementor-button elementor-button-link elementor-size-sm\" href=\"https:\/\/torsehoteles.com\/losrobles\/reservas\">\n\t\t\t\t\t\t<span class=\"elementor-button-content-wrapper\">\n\t\t\t\t\t\t\t\t\t<span class=\"elementor-button-text\">Continuar<\/span>\n\t\t\t\t\t<\/span>\n\t\t\t\t\t<\/a>\n\t\t\t\t\t\t\t\t<\/div>\n\t\t\t\t<\/div>\n\t\t\t\t<div class=\"elementor-element elementor-element-d242f57 elementor-widget-divider--view-line elementor-widget elementor-widget-divider\" data-id=\"d242f57\" data-element_type=\"widget\" data-e-type=\"widget\" data-widget_type=\"divider.default\">\n\t\t\t\t\t\t\t<div class=\"elementor-divider\">\n\t\t\t<span class=\"elementor-divider-separator\">\n\t\t\t\t\t\t<\/span>\n\t\t<\/div>\n\t\t\t\t\t\t<\/div>\n\t\t\t\t<\/div>\n\t\t\t\t\t<\/div>\n\t\t\t\t<\/div>\n\t\t\t\t<\/div>\n\t\t","protected":false},"excerpt":{"rendered":"<p>Restaurante PIDE POR ESA BOCA NUESTROS RESTAURANTES El Restaurante del Hotel Los Robles, recientemente reformado y de estilo moderno, cuenta con vistas a nuestra piscina y jardines. El Restaurante ofrece un\u00a0servicio buffet con cocina en vivo\u00a0y una amplia variedad de platos elaborados con productos locales y de Km0 que hacen las delicias de los paladares [&hellip;]<\/p>\n","protected":false},"author":1,"featured_media":0,"parent":0,"menu_order":0,"comment_status":"closed","ping_status":"closed","template":"","meta":{"footnotes":""},"class_list":["post-1302","page","type-page","status-publish","hentry"],"_links":{"self":[{"href":"https:\/\/torsehoteles.com\/losrobles\/wp-json\/wp\/v2\/pages\/1302","targetHints":{"allow":["GET"]}}],"collection":[{"href":"https:\/\/torsehoteles.com\/losrobles\/wp-json\/wp\/v2\/pages"}],"about":[{"href":"https:\/\/torsehoteles.com\/losrobles\/wp-json\/wp\/v2\/types\/page"}],"author":[{"embeddable":true,"href":"https:\/\/torsehoteles.com\/losrobles\/wp-json\/wp\/v2\/users\/1"}],"replies":[{"embeddable":true,"href":"https:\/\/torsehoteles.com\/losrobles\/wp-json\/wp\/v2\/comments?post=1302"}],"version-history":[{"count":179,"href":"https:\/\/torsehoteles.com\/losrobles\/wp-json\/wp\/v2\/pages\/1302\/revisions"}],"predecessor-version":[{"id":4446,"href":"https:\/\/torsehoteles.com\/losrobles\/wp-json\/wp\/v2\/pages\/1302\/revisions\/4446"}],"wp:attachment":[{"href":"https:\/\/torsehoteles.com\/losrobles\/wp-json\/wp\/v2\/media?parent=1302"}],"curies":[{"name":"wp","href":"https:\/\/api.w.org\/{rel}","templated":true}]}}