{"id":3140,"date":"2025-12-10T12:04:10","date_gmt":"2025-12-10T12:04:10","guid":{"rendered":"https:\/\/torsehoteles.com\/losrobles\/work-with-us\/"},"modified":"2026-01-28T08:04:56","modified_gmt":"2026-01-28T08:04:56","slug":"work-with-us","status":"publish","type":"page","link":"https:\/\/torsehoteles.com\/losrobles\/en\/contact\/work-with-us\/","title":{"rendered":"Work with us"},"content":{"rendered":"\t\t<div data-elementor-type=\"wp-page\" data-elementor-id=\"3140\" class=\"elementor elementor-3140 elementor-2550\" data-elementor-post-type=\"page\">\n\t\t\t\t<div class=\"elementor-element elementor-element-008ff10 e-flex e-con-boxed e-con e-parent\" data-id=\"008ff10\" data-element_type=\"container\" data-settings=\"{&quot;background_background&quot;:&quot;classic&quot;,&quot;background_motion_fx_motion_fx_scrolling&quot;:&quot;yes&quot;,&quot;background_motion_fx_translateX_effect&quot;:&quot;yes&quot;,&quot;background_motion_fx_translateX_speed&quot;:{&quot;unit&quot;:&quot;px&quot;,&quot;size&quot;:2.600000000000000088817841970012523233890533447265625,&quot;sizes&quot;:[]},&quot;background_motion_fx_translateX_affectedRange&quot;:{&quot;unit&quot;:&quot;%&quot;,&quot;size&quot;:&quot;&quot;,&quot;sizes&quot;:{&quot;start&quot;:0,&quot;end&quot;:100}},&quot;background_motion_fx_devices&quot;:[&quot;desktop&quot;,&quot;laptop&quot;,&quot;tablet&quot;,&quot;mobile&quot;]}\">\n\t\t\t\t\t<div class=\"e-con-inner\">\n\t\t<div class=\"elementor-element elementor-element-73ac4d7 e-con-full e-flex e-con e-child\" data-id=\"73ac4d7\" data-element_type=\"container\">\n\t\t\t\t<div class=\"elementor-element elementor-element-89321ab elementor-widget elementor-widget-heading\" data-id=\"89321ab\" data-element_type=\"widget\" data-widget_type=\"heading.default\">\n\t\t\t\t\t<h1 class=\"elementor-heading-title elementor-size-default\">Work<\/h1>\t\t\t\t<\/div>\n\t\t<div class=\"elementor-element elementor-element-a2c8c8b e-con-full e-flex e-con e-child\" data-id=\"a2c8c8b\" data-element_type=\"container\">\n\t\t\t\t<div class=\"elementor-element elementor-element-ca8923c elementor-widget elementor-widget-heading\" data-id=\"ca8923c\" data-element_type=\"widget\" data-widget_type=\"heading.default\">\n\t\t\t\t\t<h2 class=\"elementor-heading-title elementor-size-default\">In a human team<\/h2>\t\t\t\t<\/div>\n\t\t\t\t<div class=\"elementor-element elementor-element-e6bea51 elementor-widget__width-initial elementor-hidden-mobile elementor-widget elementor-widget-image\" data-id=\"e6bea51\" data-element_type=\"widget\" data-widget_type=\"image.default\">\n\t\t\t\t\t\t\t\t\t\t\t\t\t\t\t\t<a href=\"#info\">\n\t\t\t\t\t\t\t<img decoding=\"async\" width=\"1\" height=\"1\" src=\"https:\/\/torsehoteles.com\/losrobles\/wp-content\/uploads\/2025\/12\/down.svg\" class=\"attachment-large size-large wp-image-4227\" alt=\"\" \/>\t\t\t\t\t\t\t\t<\/a>\n\t\t\t\t\t\t\t\t\t\t\t\t\t\t\t<\/div>\n\t\t\t\t<\/div>\n\t\t\t\t<div class=\"elementor-element elementor-element-9d5be56 elementor-widget-divider--view-line elementor-widget elementor-widget-divider\" data-id=\"9d5be56\" data-element_type=\"widget\" data-widget_type=\"divider.default\">\n\t\t\t\t\t\t\t<div class=\"elementor-divider\">\n\t\t\t<span class=\"elementor-divider-separator\">\n\t\t\t\t\t\t<\/span>\n\t\t<\/div>\n\t\t\t\t\t\t<\/div>\n\t\t\t\t<\/div>\n\t\t\t\t\t<\/div>\n\t\t\t\t<\/div>\n\t\t<div class=\"elementor-element elementor-element-c629d96 hero e-flex e-con-boxed e-con e-parent\" data-id=\"c629d96\" data-element_type=\"container\" data-settings=\"{&quot;background_background&quot;:&quot;classic&quot;,&quot;background_motion_fx_motion_fx_scrolling&quot;:&quot;yes&quot;,&quot;background_motion_fx_devices&quot;:[&quot;desktop&quot;,&quot;laptop&quot;,&quot;tablet&quot;,&quot;mobile&quot;]}\">\n\t\t\t\t\t<div class=\"e-con-inner\">\n\t\t<div class=\"elementor-element elementor-element-407ea6c e-con-full e-flex e-con e-child\" data-id=\"407ea6c\" data-element_type=\"container\">\n\t\t<div class=\"elementor-element elementor-element-4174279 e-con-full e-flex e-con e-child\" data-id=\"4174279\" data-element_type=\"container\">\n\t\t\t\t<div class=\"elementor-element elementor-element-ffc1fda elementor-button-align-stretch elementor-widget elementor-widget-form\" data-id=\"ffc1fda\" data-element_type=\"widget\" data-settings=\"{&quot;step_next_label&quot;:&quot;Next&quot;,&quot;step_previous_label&quot;:&quot;Previous&quot;,&quot;button_width&quot;:&quot;100&quot;,&quot;step_type&quot;:&quot;number_text&quot;,&quot;step_icon_shape&quot;:&quot;circle&quot;}\" data-widget_type=\"form.default\">\n\t\t\t\t\t\t\t<form class=\"elementor-form\" method=\"post\" name=\"New Form\" aria-label=\"New Form\">\n\t\t\t<input type=\"hidden\" name=\"post_id\" value=\"3140\"\/>\n\t\t\t<input type=\"hidden\" name=\"form_id\" value=\"ffc1fda\"\/>\n\t\t\t<input type=\"hidden\" name=\"referer_title\" value=\"Work with us\" \/>\n\n\t\t\t\t\t\t\t<input type=\"hidden\" name=\"queried_id\" value=\"3140\"\/>\n\t\t\t\n\t\t\t<div class=\"elementor-form-fields-wrapper elementor-labels-above\">\n\t\t\t\t\t\t\t\t<div class=\"elementor-field-type-text elementor-field-group elementor-column elementor-field-group-name elementor-col-50 elementor-field-required elementor-mark-required\">\n\t\t\t\t\t\t\t\t\t\t\t\t<label for=\"form-field-name\" class=\"elementor-field-label\">\n\t\t\t\t\t\t\t\tFull Name \t\t\t\t\t\t\t<\/label>\n\t\t\t\t\t\t\t\t\t\t\t\t\t\t<input size=\"1\" type=\"text\" name=\"form_fields[name]\" id=\"form-field-name\" class=\"elementor-field elementor-size-lg  elementor-field-textual\" required=\"required\">\n\t\t\t\t\t\t\t\t\t\t\t<\/div>\n\t\t\t\t\t\t\t\t<div class=\"elementor-field-type-email elementor-field-group elementor-column elementor-field-group-email elementor-col-50 elementor-field-required elementor-mark-required\">\n\t\t\t\t\t\t\t\t\t\t\t\t<label for=\"form-field-email\" class=\"elementor-field-label\">\n\t\t\t\t\t\t\t\tEmail\t\t\t\t\t\t\t<\/label>\n\t\t\t\t\t\t\t\t\t\t\t\t\t\t<input size=\"1\" type=\"email\" name=\"form_fields[email]\" id=\"form-field-email\" class=\"elementor-field elementor-size-lg  elementor-field-textual\" required=\"required\">\n\t\t\t\t\t\t\t\t\t\t\t<\/div>\n\t\t\t\t\t\t\t\t<div class=\"elementor-field-type-textarea elementor-field-group elementor-column elementor-field-group-message elementor-col-100 elementor-field-required elementor-mark-required\">\n\t\t\t\t\t\t\t\t\t\t\t\t<label for=\"form-field-message\" class=\"elementor-field-label\">\n\t\t\t\t\t\t\t\tYour motivation\t\t\t\t\t\t\t<\/label>\n\t\t\t\t\t\t<textarea class=\"elementor-field-textual elementor-field  elementor-size-lg\" name=\"form_fields[message]\" id=\"form-field-message\" rows=\"4\" required=\"required\"><\/textarea>\t\t\t\t<\/div>\n\t\t\t\t\t\t\t\t<div class=\"elementor-field-type-upload elementor-field-group elementor-column elementor-field-group-field_b37ed05 elementor-col-100 elementor-field-required elementor-mark-required\">\n\t\t\t\t\t\t\t\t\t\t\t\t<label for=\"form-field-field_b37ed05\" class=\"elementor-field-label\">\n\t\t\t\t\t\t\t\tUpload your CV:\t\t\t\t\t\t\t<\/label>\n\t\t\t\t\t\t\t\t<input type=\"file\" name=\"form_fields[field_b37ed05]\" id=\"form-field-field_b37ed05\" class=\"elementor-field elementor-size-lg  elementor-upload-field\" required=\"required\">\n\n\t\t\t\t\t\t<\/div>\n\t\t\t\t\t\t\t\t<div class=\"elementor-field-type-acceptance elementor-field-group elementor-column elementor-field-group-field_c2bf4d7 elementor-col-100\">\n\t\t\t\t\t\t\t<div class=\"elementor-field-subgroup\">\n\t\t\t<span class=\"elementor-field-option\">\n\t\t\t\t<input type=\"checkbox\" name=\"form_fields[field_c2bf4d7]\" id=\"form-field-field_c2bf4d7\" class=\"elementor-field elementor-size-lg  elementor-acceptance-field\">\n\t\t\t\t<label for=\"form-field-field_c2bf4d7\"><span style=\"font-size: 16px; font-weight:500; color: #C75C45;\">I accept this website's privacy policy <\/span><\/label>\t\t\t<\/span>\n\t\t<\/div>\n\t\t\t\t\t\t<\/div>\n\t\t\t\t\t\t\t\t<div class=\"elementor-field-type-html elementor-field-group elementor-column elementor-field-group-field_b24cb78 elementor-col-100\">\n\t\t\t\t\t<p style=\"font-size: 14px; color: #C75C45;\">\n By using this form to contact TORSE, S.A., I acknowledge that I have been informed and accept the privacy policy on the website www.torsehoteles.com. I give my express consent to TORSE, S.A. to process my personal data in order to keep me informed of the various job vacancies that occur in the organization.\n    <br><br> The data provided will be kept until the job is awarded or until the right to cancel is exercised, therefore, you have the right to access your personal data, rectify inaccurate data or request its deletion when the data is no longer necessary, by contacting TORSE, S.A. C\/San Rafael 1-3, entresuelo, Gand\u00eda 46702 (Valencia) or by sending an e-mail to info@torsehoteles.com. The data will not be transferred to third parties.\n<\/p>\n\t\t\t\t<\/div>\n\t\t\t\t\t\t\t\t<div class=\"elementor-field-group elementor-column elementor-field-type-submit elementor-col-100 e-form__buttons\">\n\t\t\t\t\t<button class=\"elementor-button elementor-size-lg\" type=\"submit\">\n\t\t\t\t\t\t<span class=\"elementor-button-content-wrapper\">\n\t\t\t\t\t\t\t\t\t\t\t\t\t\t\t\t\t\t\t\t\t\t<span class=\"elementor-button-text\">Send<\/span>\n\t\t\t\t\t\t\t\t\t\t\t\t\t<\/span>\n\t\t\t\t\t<\/button>\n\t\t\t\t<\/div>\n\t\t\t<\/div>\n\t\t<\/form>\n\t\t\t\t\t\t<\/div>\n\t\t\t\t<\/div>\n\t\t\t\t<\/div>\n\t\t\t\t\t<\/div>\n\t\t\t\t<\/div>\n\t\t<div class=\"elementor-element elementor-element-85f44d2 e-flex e-con-boxed e-con e-parent\" data-id=\"85f44d2\" data-element_type=\"container\" data-settings=\"{&quot;background_background&quot;:&quot;classic&quot;,&quot;background_motion_fx_motion_fx_scrolling&quot;:&quot;yes&quot;,&quot;background_motion_fx_translateX_effect&quot;:&quot;yes&quot;,&quot;background_motion_fx_translateX_speed&quot;:{&quot;unit&quot;:&quot;px&quot;,&quot;size&quot;:2.600000000000000088817841970012523233890533447265625,&quot;sizes&quot;:[]},&quot;background_motion_fx_translateX_affectedRange&quot;:{&quot;unit&quot;:&quot;%&quot;,&quot;size&quot;:&quot;&quot;,&quot;sizes&quot;:{&quot;start&quot;:0,&quot;end&quot;:100}},&quot;background_motion_fx_devices&quot;:[&quot;desktop&quot;,&quot;laptop&quot;,&quot;tablet&quot;,&quot;mobile&quot;]}\">\n\t\t\t\t\t<div class=\"e-con-inner\">\n\t\t\t\t<div class=\"elementor-element elementor-element-2b8e791 elementor-widget elementor-widget-html\" data-id=\"2b8e791\" data-element_type=\"widget\" data-widget_type=\"html.default\">\n\t\t\t\t\t<div id=\"mapa-torse\" style=\"width: 100%; height: 80vh;\"><\/div>\n\n<script src=\"https:\/\/maps.googleapis.com\/maps\/api\/js?key=AIzaSyC07DlLKgym06F23yOgZ-GB5HUVqkdDvBw&amp;callback=initMapaTorse\" async=\"\" defer>\n<\/script>\n\n<script>\nfunction initMapaTorse() {\n    class CustomTooltip extends google.maps.OverlayView {\n        constructor(position, text, map) {\n            super();\n            this.position = position;\n            this.text = text;\n            this.map = map;\n            this.div = null;\n            this.setMap(map);\n        }\n\n        onAdd() {\n            this.div = document.createElement(\"div\");\n            this.div.style.position = \"absolute\";\n            this.div.style.background = \"#C75C45\";\n            this.div.style.color = \"#ffffff\";\n            this.div.style.fontFamily = \"Area, Arial, sans-serif\";\n            this.div.style.fontSize = \"15px\";\n            this.div.style.padding = \"6px 12px\";\n            this.div.style.borderRadius = \"6px\";\n            this.div.style.whiteSpace = \"nowrap\";\n\n            \/* \ud83d\udd25 Tooltip m\u00e1s alto que el marker *\/\n            this.div.style.transform = \"translate(-50%, -250%)\";\n\n            this.div.style.display = \"none\";\n            this.div.style.pointerEvents = \"none\";\n            this.div.innerHTML = this.text;\n\n            \/* \u2b50 Flechita del tooltip *\/\n            const arrow = document.createElement(\"div\");\n            arrow.style.position = \"absolute\";\n            arrow.style.left = \"50%\";\n            arrow.style.bottom = \"-8px\";\n            arrow.style.transform = \"translateX(-50%)\";\n            arrow.style.width = 0;\n            arrow.style.height = 0;\n            arrow.style.borderLeft = \"6px solid transparent\";\n            arrow.style.borderRight = \"6px solid transparent\";\n            arrow.style.borderTop = \"8px solid #C75C45\";\n            this.div.appendChild(arrow);\n\n            const panes = this.getPanes();\n            panes.floatPane.appendChild(this.div);\n        }\n\n        draw() {\n            const projection = this.getProjection();\n            const pos = projection.fromLatLngToDivPixel(this.position);\n\n            if (this.div) {\n                this.div.style.left = pos.x + \"px\";\n                this.div.style.top = pos.y + \"px\";\n            }\n        }\n\n        show() { if (this.div) this.div.style.display = \"block\"; }\n        hide() { if (this.div) this.div.style.display = \"none\"; }\n        onRemove() { if (this.div) this.div.remove(); }\n    }\n\n    const center = { lat: 39.095, lng: -0.205 };\n\n    const mapStyle = [\n        { elementType: \"geometry\", stylers: [{ color: \"#f4e8e6\" }] },\n        { elementType: \"labels.text.fill\", stylers: [{ color: \"#6b4a43\" }] },\n        { elementType: \"labels.text.stroke\", stylers: [{ color: \"#ffffff\" }] },\n        { featureType: \"road\", elementType: \"geometry\", stylers: [{ color: \"#C75C45\" }, { lightness: 20 }] },\n        { featureType: \"road\", elementType: \"labels.text.fill\", stylers: [{ color: \"#5a3b34\" }] },\n        { featureType: \"water\", elementType: \"geometry\", stylers: [{ color: \"#d7cbc8\" }] },\n        { featureType: \"poi\", stylers: [{ visibility: \"off\" }] }\n    ];\n\n    const map = new google.maps.Map(document.getElementById(\"mapa-torse\"), {\n        zoom: 11,\n        center: center,\n        styles: mapStyle,\n        mapTypeControl: false,\n        streetViewControl: false,\n        fullscreenControl: true,\n        gestureHandling: \"none\",\n        zoomControl: false\n    });\n\n    \/* \ud83d\udd35 NUEVO ICONO DEL MARKER *\/\n    const iconUrl = \"https:\/\/torsehoteles.com\/losrobles\/wp-content\/uploads\/2025\/12\/location-pin.png\";\n\n    const locations = [\n        {\n            name: \"Hotel Los Robles\",\n            position: { lat: 39.01368247060634, lng: -0.1716608836977467 }\n        },\n        {\n            name: \"Hotel Santa Marta\",\n            position: { lat: 39.177675691366275, lng: -0.24020897575188702 }\n        }\n    ];\n\n    locations.forEach(loc => {\n        const marker = new google.maps.Marker({\n            position: loc.position,\n            map: map,\n            title: loc.name,\n            icon: {\n                url: iconUrl,\n                scaledSize: new google.maps.Size(35, 35)  \/\/ Cambiar el tama\u00f1o aqu\u00ed (50x50 p\u00edxeles)\n            }\n        });\n\n        const tooltip = new CustomTooltip(\n            new google.maps.LatLng(loc.position.lat, loc.position.lng),\n            loc.name,\n            map\n        );\n\n        marker.addListener(\"mouseover\", () => tooltip.show());\n        marker.addListener(\"mouseout\", () => tooltip.hide());\n    });\n}\n\n<\/script>\n\t\t\t\t<\/div>\n\t\t\t\t\t<\/div>\n\t\t\t\t<\/div>\n\t\t\t\t<\/div>\n\t\t","protected":false},"excerpt":{"rendered":"<p>Work In a human team<\/p>\n","protected":false},"author":1,"featured_media":0,"parent":3142,"menu_order":0,"comment_status":"closed","ping_status":"closed","template":"","meta":{"footnotes":""},"class_list":["post-3140","page","type-page","status-publish","hentry"],"_links":{"self":[{"href":"https:\/\/torsehoteles.com\/losrobles\/en\/wp-json\/wp\/v2\/pages\/3140","targetHints":{"allow":["GET"]}}],"collection":[{"href":"https:\/\/torsehoteles.com\/losrobles\/en\/wp-json\/wp\/v2\/pages"}],"about":[{"href":"https:\/\/torsehoteles.com\/losrobles\/en\/wp-json\/wp\/v2\/types\/page"}],"author":[{"embeddable":true,"href":"https:\/\/torsehoteles.com\/losrobles\/en\/wp-json\/wp\/v2\/users\/1"}],"replies":[{"embeddable":true,"href":"https:\/\/torsehoteles.com\/losrobles\/en\/wp-json\/wp\/v2\/comments?post=3140"}],"version-history":[{"count":1,"href":"https:\/\/torsehoteles.com\/losrobles\/en\/wp-json\/wp\/v2\/pages\/3140\/revisions"}],"predecessor-version":[{"id":3141,"href":"https:\/\/torsehoteles.com\/losrobles\/en\/wp-json\/wp\/v2\/pages\/3140\/revisions\/3141"}],"up":[{"embeddable":true,"href":"https:\/\/torsehoteles.com\/losrobles\/en\/wp-json\/wp\/v2\/pages\/3142"}],"wp:attachment":[{"href":"https:\/\/torsehoteles.com\/losrobles\/en\/wp-json\/wp\/v2\/media?parent=3140"}],"curies":[{"name":"wp","href":"https:\/\/api.w.org\/{rel}","templated":true}]}}